{"id":7426,"date":"2023-05-04T22:42:33","date_gmt":"2023-05-05T05:42:33","guid":{"rendered":"https:\/\/plasticwashingmachine.net\/?page_id=7426"},"modified":"2023-05-04T22:42:54","modified_gmt":"2023-05-05T05:42:54","slug":"systeme-dassistance","status":"publish","type":"page","link":"https:\/\/plasticwashingmachine.net\/fr\/systeme-dassistance\/","title":{"rendered":"Syst\u00e8me d'assistance"},"content":{"rendered":"<div class=\"wpb-content-wrapper\">\r\n<div class=\"vc_row ts-row wpb_row vc_row-fluid ts-total-col-1 ts-zindex-0 container ts-bgimage-position-center_center\">\r\n\r\n        \r\n\t\r\n\t\r\n\t\t\r\n<div class=\"ts-column wpb_column vc_column_container vc_col-sm-12 ts-zindex-0\">\r\n\t<div class=\"vc_column-inner\">\r\n\t\t\t\t<div class=\"wpb_wrapper\">\r\n\t\t\t<div class=\"themestek-boxes themestek-boxes-blog themestek-boxes-view-default themestek-boxes-col-three themestek-boxes-sortable-no themestek-boxes-textalign-center themestek-boxes-sortablebutton-\">\r\n\t\t<div class=\"themestek-boxes-inner themestek-boxes-blog-inner\">\r\n\t\t\t\r\n\t\t\t<div class=\"row multi-columns-row themestek-boxes-row-wrapper\">\r\n\t\t\t\t<div class=\"ts-box-col-wrapper col-lg-4 col-sm-6 col-md-4 col-xs-12 ts-term-67\"><article class=\"themestek-box themestek-box-blog ts-blogbox-style-1 themestek-box-style1 themestek-blogbox-format-image\">\r\n\t<div class=\"post-item\">\r\n\t\t\r\n\t\t<div class=\"ts-blog-image-with-meta\">\r\n\t\t\t<div class=\"ts-featured-wrapper ts-post-featured-wrapper ts-post-format-image\"><img loading=\"lazy\" decoding=\"async\" width=\"1920\" height=\"1072\" src=\"https:\/\/plasticwashingmachine.net\/wp-content\/uploads\/2025\/05\/Trommel-for-PET-Bottle-Recycling.webp\" class=\"attachment-themestek-img-800x700 size-themestek-img-800x700 wp-post-image\" alt=\"Trommel pour recyclage des bouteilles en PET\" srcset=\"https:\/\/plasticwashingmachine.net\/wp-content\/uploads\/2025\/05\/Trommel-for-PET-Bottle-Recycling.webp 1920w, https:\/\/plasticwashingmachine.net\/wp-content\/uploads\/2025\/05\/Trommel-for-PET-Bottle-Recycling-300x168.webp 300w, https:\/\/plasticwashingmachine.net\/wp-content\/uploads\/2025\/05\/Trommel-for-PET-Bottle-Recycling-1024x572.webp 1024w, https:\/\/plasticwashingmachine.net\/wp-content\/uploads\/2025\/05\/Trommel-for-PET-Bottle-Recycling-768x429.webp 768w, https:\/\/plasticwashingmachine.net\/wp-content\/uploads\/2025\/05\/Trommel-for-PET-Bottle-Recycling-1536x858.webp 1536w, https:\/\/plasticwashingmachine.net\/wp-content\/uploads\/2025\/05\/Trommel-for-PET-Bottle-Recycling-18x10.webp 18w\" sizes=\"auto, (max-width: 1920px) 100vw, 1920px\" data-id=\"8469\" \/><\/div>\t\t\t\t\t<div class=\"ts-featured-meta-wrapper ts-featured-overlay\">\t\t\t\t\t\t\t\r\n\r\n\t\t\t\t\t\t\t\t\t\t\t\t\t<span class=\"ts-meta-line cat-links\"><i class=\"ts-industco-icon-category\"><\/i> <span class=\"screen-reader-text ts-hide\">Cat\u00e9gories <\/span><a href=\"https:\/\/plasticwashingmachine.net\/fr\/categorie\/systeme-dassistance\/\">Syst\u00e8me d'assistance<\/a><\/span>\r\n\t\t\t\t\t\t\r\n\t\t\t\t\t\t\t\t\t\t\t\t<span class=\"ts-meta-line posted-on\">\r\n\t\t\t\t\t\t\t<i class=\"ts-industco-icon-clock\"><\/i> \r\n\t\t\t\t\t\t\t<span class=\"screen-reader-text ts-hide\">Publi\u00e9 le <\/span>\r\n\t\t\t\t\t\t\t<a href=\"https:\/\/plasticwashingmachine.net\/fr\/un-trommel\/\" rel=\"bookmark\">\r\n\t\t\t\t\t\t\t\t<time class=\"entry-date published\" datetime=\"2025-05-25T02:43:59-07:00\">25\/05\/2025<\/time>\r\n\t\t\t\t\t\t\t\t<time class=\"updated ts-hide\" datetime=\"2026-01-11T16:56:12-08:00\">11\/01\/2026<\/time>\r\n\t\t\t\t\t\t\t<\/a>\r\n\t\t\t\t\t\t<\/span>\r\n\r\n\t\t\t\t\t<\/div>\r\n\t\t<\/div>\t\t\r\n\r\n\t\t<div class=\"themestek-box-content\">\t\r\n\t\t\t<div class=\"themestek-box-title\"><h4><a href=\"https:\/\/plasticwashingmachine.net\/fr\/un-trommel\/\">Trommel pour recyclage des bouteilles en PET<\/a><\/h4><\/div>\t\t\t<div class=\"themestek-box-desc\">\r\n\t\t\t\t<div class=\"themestek-box-desc-text\">Le Rumtoo Trommel est une machine de s\u00e9paration \u00e0 rotation lente mais extr\u00eamement efficace con\u00e7ue pour \u00e9liminer les contaminants plus petits du flux de recyclage des bouteilles en PET. En tournant doucement le mat\u00e9riau, il prot\u00e8ge l'\u00e9quipement en aval comme les concasseurs et am\u00e9liore la puret\u00e9 de vos p\u00e2tes en PET finales, en le rendant un investissement essentiel pour toute op\u00e9ration de recyclage s\u00e9rieuse.<\/div>\r\n\t\t\t<\/div>\r\n\r\n\t\t\t<div class=\"themestek-blogbox-footer-readmore\">\r\n\t\t\t\t\t\t\t<\/div>\r\n\r\n\t\t<\/div>\r\n\t<\/div>\r\n<\/article>\r\n\r\n<\/div><div class=\"ts-box-col-wrapper col-lg-4 col-sm-6 col-md-4 col-xs-12 ts-term-67\"><article class=\"themestek-box themestek-box-blog ts-blogbox-style-1 themestek-box-style1 themestek-blogbox-format-image\">\r\n\t<div class=\"post-item\">\r\n\t\t\r\n\t\t<div class=\"ts-blog-image-with-meta\">\r\n\t\t\t<div class=\"ts-featured-wrapper ts-post-featured-wrapper ts-post-format-image\"><img loading=\"lazy\" decoding=\"async\" width=\"1921\" height=\"1442\" src=\"https:\/\/plasticwashingmachine.net\/wp-content\/uploads\/2024\/12\/Label-Removal-Machine.webp\" class=\"attachment-themestek-img-800x700 size-themestek-img-800x700 wp-post-image\" alt=\"Machine de retrait d&#039;\u00e9tiquettes de bouteille en plastique\" srcset=\"https:\/\/plasticwashingmachine.net\/wp-content\/uploads\/2024\/12\/Label-Removal-Machine.webp 1921w, https:\/\/plasticwashingmachine.net\/wp-content\/uploads\/2024\/12\/Label-Removal-Machine-300x225.webp 300w, https:\/\/plasticwashingmachine.net\/wp-content\/uploads\/2024\/12\/Label-Removal-Machine-1024x769.webp 1024w, https:\/\/plasticwashingmachine.net\/wp-content\/uploads\/2024\/12\/Label-Removal-Machine-768x576.webp 768w, https:\/\/plasticwashingmachine.net\/wp-content\/uploads\/2024\/12\/Label-Removal-Machine-1536x1153.webp 1536w, https:\/\/plasticwashingmachine.net\/wp-content\/uploads\/2024\/12\/Label-Removal-Machine-16x12.webp 16w\" sizes=\"auto, (max-width: 1921px) 100vw, 1921px\" data-id=\"8474\" \/><\/div>\t\t\t\t\t<div class=\"ts-featured-meta-wrapper ts-featured-overlay\">\t\t\t\t\t\t\t\r\n\r\n\t\t\t\t\t\t\t\t\t\t\t\t\t<span class=\"ts-meta-line cat-links\"><i class=\"ts-industco-icon-category\"><\/i> <span class=\"screen-reader-text ts-hide\">Cat\u00e9gories <\/span><a href=\"https:\/\/plasticwashingmachine.net\/fr\/categorie\/systeme-dassistance\/\">Syst\u00e8me d'assistance<\/a><\/span>\r\n\t\t\t\t\t\t\r\n\t\t\t\t\t\t\t\t\t\t\t\t<span class=\"ts-meta-line posted-on\">\r\n\t\t\t\t\t\t\t<i class=\"ts-industco-icon-clock\"><\/i> \r\n\t\t\t\t\t\t\t<span class=\"screen-reader-text ts-hide\">Publi\u00e9 le <\/span>\r\n\t\t\t\t\t\t\t<a href=\"https:\/\/plasticwashingmachine.net\/fr\/machine-de-retrait-detiquettes-de-bouteilles-en-plastique\/\" rel=\"bookmark\">\r\n\t\t\t\t\t\t\t\t<time class=\"entry-date published\" datetime=\"2024-12-31T02:33:44-08:00\">31\/12\/2024<\/time>\r\n\t\t\t\t\t\t\t\t<time class=\"updated ts-hide\" datetime=\"2026-01-11T16:56:51-08:00\">11\/01\/2026<\/time>\r\n\t\t\t\t\t\t\t<\/a>\r\n\t\t\t\t\t\t<\/span>\r\n\r\n\t\t\t\t\t<\/div>\r\n\t\t<\/div>\t\t\r\n\r\n\t\t<div class=\"themestek-box-content\">\t\r\n\t\t\t<div class=\"themestek-box-title\"><h4><a href=\"https:\/\/plasticwashingmachine.net\/fr\/machine-de-retrait-detiquettes-de-bouteilles-en-plastique\/\">Machine de retrait d'\u00e9tiquettes de bouteille en plastique<\/a><\/h4><\/div>\t\t\t<div class=\"themestek-box-desc\">\r\n\t\t\t\t<div class=\"themestek-box-desc-text\">D\u00e9couvrez la Machine de Retrait d'\u00c9tiquette de Bouteille en Plastique, un outil r\u00e9volutionnaire dans le recyclage des bouteilles en PET, assurant un retrait d'\u00e9tiquette sup\u00e9rieur \u00e0 95% pour un processus de recyclage plus propre.<\/div>\r\n\t\t\t<\/div>\r\n\r\n\t\t\t<div class=\"themestek-blogbox-footer-readmore\">\r\n\t\t\t\t\t\t\t<\/div>\r\n\r\n\t\t<\/div>\r\n\t<\/div>\r\n<\/article>\r\n\r\n<\/div><div class=\"ts-box-col-wrapper col-lg-4 col-sm-6 col-md-4 col-xs-12 ts-term-67\"><article class=\"themestek-box themestek-box-blog ts-blogbox-style-1 themestek-box-style1 themestek-blogbox-format-image\">\r\n\t<div class=\"post-item\">\r\n\t\t\r\n\t\t<div class=\"ts-blog-image-with-meta\">\r\n\t\t\t<div class=\"ts-featured-wrapper ts-post-featured-wrapper ts-post-format-image\"><img loading=\"lazy\" decoding=\"async\" width=\"1218\" height=\"800\" src=\"https:\/\/plasticwashingmachine.net\/wp-content\/uploads\/2023\/04\/Screw-Conveyor.webp\" class=\"attachment-themestek-img-800x700 size-themestek-img-800x700 wp-post-image\" alt=\"Cette image montre un syst\u00e8me de convoyeur \u00e0 vis, une machine industrielle con\u00e7ue pour le transport de mat\u00e9riaux en vrac. Elle consiste en un tube long et inclin\u00e9 avec une vis h\u00e9lico\u00efdale tournante \u00e0 l&#039;int\u00e9rieur. Les mat\u00e9riaux sont introduits dans le bac \u00e0 base, o\u00f9 la vis tournante les fait monter jusqu&#039;au point de d\u00e9chargement. Le moteur en haut alimente le m\u00e9canisme de vis, et le cadre fournit un soutien structurel. Ce type de convoyeur est utilis\u00e9 pour le transport de mat\u00e9riaux en poudre ou en grains, comme les grains, le ciment ou les granul\u00e9s de plastique, souvent trouv\u00e9s dans les usines de recyclage, de traitement des aliments ou de fabrication.\" srcset=\"https:\/\/plasticwashingmachine.net\/wp-content\/uploads\/2023\/04\/Screw-Conveyor.webp 1218w, https:\/\/plasticwashingmachine.net\/wp-content\/uploads\/2023\/04\/Screw-Conveyor-300x197.webp 300w, https:\/\/plasticwashingmachine.net\/wp-content\/uploads\/2023\/04\/Screw-Conveyor-1024x673.webp 1024w, https:\/\/plasticwashingmachine.net\/wp-content\/uploads\/2023\/04\/Screw-Conveyor-768x504.webp 768w\" sizes=\"auto, (max-width: 1218px) 100vw, 1218px\" data-id=\"7403\" \/><\/div>\t\t\t\t\t<div class=\"ts-featured-meta-wrapper ts-featured-overlay\">\t\t\t\t\t\t\t\r\n\r\n\t\t\t\t\t\t\t\t\t\t\t\t\t<span class=\"ts-meta-line cat-links\"><i class=\"ts-industco-icon-category\"><\/i> <span class=\"screen-reader-text ts-hide\">Cat\u00e9gories <\/span><a href=\"https:\/\/plasticwashingmachine.net\/fr\/categorie\/systeme-dassistance\/\">Syst\u00e8me d'assistance<\/a><\/span>\r\n\t\t\t\t\t\t\r\n\t\t\t\t\t\t\t\t\t\t\t\t<span class=\"ts-meta-line posted-on\">\r\n\t\t\t\t\t\t\t<i class=\"ts-industco-icon-clock\"><\/i> \r\n\t\t\t\t\t\t\t<span class=\"screen-reader-text ts-hide\">Publi\u00e9 le <\/span>\r\n\t\t\t\t\t\t\t<a href=\"https:\/\/plasticwashingmachine.net\/fr\/convoyeur-a-vis\/\" rel=\"bookmark\">\r\n\t\t\t\t\t\t\t\t<time class=\"entry-date published\" datetime=\"2024-12-31T01:50:14-08:00\">31\/12\/2024<\/time>\r\n\t\t\t\t\t\t\t\t<time class=\"updated ts-hide\" datetime=\"2024-12-31T01:50:14-08:00\">31\/12\/2024<\/time>\r\n\t\t\t\t\t\t\t<\/a>\r\n\t\t\t\t\t\t<\/span>\r\n\r\n\t\t\t\t\t<\/div>\r\n\t\t<\/div>\t\t\r\n\r\n\t\t<div class=\"themestek-box-content\">\t\r\n\t\t\t<div class=\"themestek-box-title\"><h4><a href=\"https:\/\/plasticwashingmachine.net\/fr\/convoyeur-a-vis\/\">Convoi \u00e0 vis<\/a><\/h4><\/div>\t\t\t<div class=\"themestek-box-desc\">\r\n\t\t\t\t<div class=\"themestek-box-desc-text\">Nous offrons des capacit\u00e9s de tuyauterie de processus complets pour l'industriel \u00e0 partir de p\u00e2te et de papier.<\/div>\r\n\t\t\t<\/div>\r\n\r\n\t\t\t<div class=\"themestek-blogbox-footer-readmore\">\r\n\t\t\t\t\t\t\t<\/div>\r\n\r\n\t\t<\/div>\r\n\t<\/div>\r\n<\/article>\r\n\r\n<\/div><div class=\"ts-box-col-wrapper col-lg-4 col-sm-6 col-md-4 col-xs-12 ts-term-67\"><article class=\"themestek-box themestek-box-blog ts-blogbox-style-1 themestek-box-style1 themestek-blogbox-format-image\">\r\n\t<div class=\"post-item\">\r\n\t\t\r\n\t\t<div class=\"ts-blog-image-with-meta\">\r\n\t\t\t<div class=\"ts-featured-wrapper ts-post-featured-wrapper ts-post-format-image\"><img loading=\"lazy\" decoding=\"async\" width=\"528\" height=\"481\" src=\"https:\/\/plasticwashingmachine.net\/wp-content\/uploads\/2023\/04\/Belt-Conveyor.webp\" class=\"attachment-themestek-img-800x700 size-themestek-img-800x700 wp-post-image\" alt=\"Convoi \u00e0 bande,rumtoo machine\" srcset=\"https:\/\/plasticwashingmachine.net\/wp-content\/uploads\/2023\/04\/Belt-Conveyor.webp 528w, https:\/\/plasticwashingmachine.net\/wp-content\/uploads\/2023\/04\/Belt-Conveyor-300x273.webp 300w\" sizes=\"auto, (max-width: 528px) 100vw, 528px\" data-id=\"7399\" \/><\/div>\t\t\t\t\t<div class=\"ts-featured-meta-wrapper ts-featured-overlay\">\t\t\t\t\t\t\t\r\n\r\n\t\t\t\t\t\t\t\t\t\t\t\t\t<span class=\"ts-meta-line cat-links\"><i class=\"ts-industco-icon-category\"><\/i> <span class=\"screen-reader-text ts-hide\">Cat\u00e9gories <\/span><a href=\"https:\/\/plasticwashingmachine.net\/fr\/categorie\/systeme-dassistance\/\">Syst\u00e8me d'assistance<\/a><\/span>\r\n\t\t\t\t\t\t\r\n\t\t\t\t\t\t\t\t\t\t\t\t<span class=\"ts-meta-line posted-on\">\r\n\t\t\t\t\t\t\t<i class=\"ts-industco-icon-clock\"><\/i> \r\n\t\t\t\t\t\t\t<span class=\"screen-reader-text ts-hide\">Publi\u00e9 le <\/span>\r\n\t\t\t\t\t\t\t<a href=\"https:\/\/plasticwashingmachine.net\/fr\/convoyeur\/\" rel=\"bookmark\">\r\n\t\t\t\t\t\t\t\t<time class=\"entry-date published\" datetime=\"2024-12-31T00:53:10-08:00\">31\/12\/2024<\/time>\r\n\t\t\t\t\t\t\t\t<time class=\"updated ts-hide\" datetime=\"2024-12-31T00:53:10-08:00\">31\/12\/2024<\/time>\r\n\t\t\t\t\t\t\t<\/a>\r\n\t\t\t\t\t\t<\/span>\r\n\r\n\t\t\t\t\t<\/div>\r\n\t\t<\/div>\t\t\r\n\r\n\t\t<div class=\"themestek-box-content\">\t\r\n\t\t\t<div class=\"themestek-box-title\"><h4><a href=\"https:\/\/plasticwashingmachine.net\/fr\/convoyeur\/\">Convoi \u00e0 bande,Technologie de conveyance int\u00e9gr\u00e9e<\/a><\/h4><\/div>\t\t\t<div class=\"themestek-box-desc\">\r\n\t\t\t\t<div class=\"themestek-box-desc-text\">Nous offrons des capacit\u00e9s de tuyauterie de processus complets pour l'industriel \u00e0 partir de p\u00e2te et de papier.<\/div>\r\n\t\t\t<\/div>\r\n\r\n\t\t\t<div class=\"themestek-blogbox-footer-readmore\">\r\n\t\t\t\t<div class=\"themestek-blogbox-footer-left\"><a href=\"https:\/\/plasticwashingmachine.net\/fr\/convoyeur\/\">En savoir plus<\/a><\/div>\t\t\t<\/div>\r\n\r\n\t\t<\/div>\r\n\t<\/div>\r\n<\/article>\r\n\r\n<\/div>\r\n\t\t\t<\/div>\r\n\t\t<\/div><!-- .themestek-boxes-inner -->   <\/div><!-- .themestek-boxes -->  \t\t<\/div>\r\n\t<\/div>\r\n<\/div>\r\n\r\n\r\n\t<\/div>\r\n\r\n\r\n\n<\/div>","protected":false},"excerpt":{"rendered":"Our company offers a wide range of belt conveyor systems tailored to meet your needs. Our selection includes flat belt conveyors, inclined belt conveyors, high-speed belt conveyors, chain conveyors, and more. Our products can be used in various industries, including PET bottle washing systems, and we can also provide customized conveyor solutions to meet specific &hellip; <a href=\"https:\/\/plasticwashingmachine.net\/fr\/convoyeur\/\" class=\"more-link\">Continuer la lecture <span class=\"screen-reader-text\">Convoi \u00e0 bande,Technologie de conveyance int\u00e9gr\u00e9e<\/span><\/a>","protected":false},"author":1,"featured_media":0,"parent":0,"menu_order":23,"comment_status":"closed","ping_status":"closed","template":"","meta":{"footnotes":""},"class_list":["post-7426","page","type-page","status-publish","hentry"],"_links":{"self":[{"href":"https:\/\/plasticwashingmachine.net\/fr\/wp-json\/wp\/v2\/pages\/7426","targetHints":{"allow":["GET"]}}],"collection":[{"href":"https:\/\/plasticwashingmachine.net\/fr\/wp-json\/wp\/v2\/pages"}],"about":[{"href":"https:\/\/plasticwashingmachine.net\/fr\/wp-json\/wp\/v2\/types\/page"}],"author":[{"embeddable":true,"href":"https:\/\/plasticwashingmachine.net\/fr\/wp-json\/wp\/v2\/users\/1"}],"replies":[{"embeddable":true,"href":"https:\/\/plasticwashingmachine.net\/fr\/wp-json\/wp\/v2\/comments?post=7426"}],"version-history":[{"count":0,"href":"https:\/\/plasticwashingmachine.net\/fr\/wp-json\/wp\/v2\/pages\/7426\/revisions"}],"wp:attachment":[{"href":"https:\/\/plasticwashingmachine.net\/fr\/wp-json\/wp\/v2\/media?parent=7426"}],"curies":[{"name":"wp","href":"https:\/\/api.w.org\/{rel}","templated":true}]}}