{"id":7061,"date":"2023-03-11T18:04:14","date_gmt":"2023-03-12T03:04:14","guid":{"rendered":"https:\/\/plasticwashingmachine.net\/?page_id=7061"},"modified":"2025-03-13T22:24:43","modified_gmt":"2025-03-14T05:24:43","slug":"broyeurs-de-plastique","status":"publish","type":"page","link":"https:\/\/plasticwashingmachine.net\/fr\/broyeurs-de-plastique\/","title":{"rendered":"Broyeurs en plastique"},"content":{"rendered":"<div class=\"wpb-content-wrapper\">\r\n<div class=\"vc_row ts-row wpb_row vc_row-fluid ts-total-col-1 ts-zindex-0 container ts-bgimage-position-center_center\">\r\n\r\n        \r\n\t\r\n\t\r\n\t\t\r\n<div class=\"ts-column wpb_column vc_column_container vc_col-sm-12 ts-zindex-0\">\r\n\t<div class=\"vc_column-inner\">\r\n\t\t\t\t<div class=\"wpb_wrapper\">\r\n\t\t\t\n\t<div class=\"wpb_text_column wpb_content_element\" >\n\t\t<div class=\"wpb_wrapper\">\n\t\t\t<div style=\"max-width: 1200px; margin: 0 auto; padding: 20px; font-family: Arial, sans-serif; background-color: #f9f9f9; border-radius: 8px;\"><!-- Heavy-Duty Card Container --><\/p>\n<div style=\"display: flex; justify-content: space-between; gap: 20px; flex-wrap: wrap;\"><!-- Card 1: Heavy-Duty Construction --><\/p>\n<div style=\"flex: 1 1 calc(33.33% - 20px); background-color: #ffffff; border-radius: 10px; padding: 30px; margin: 20px 0; box-shadow: 0 10px 20px rgba(0, 0, 0, 0.1); box-sizing: border-box; transition: transform 0.3s ease, box-shadow 0.3s ease;\">\n<h2 style=\"color: #62ab66; font-size: 24px; margin-bottom: 15px; font-weight: bold; text-transform: uppercase; letter-spacing: 1px;\">Construction robuste<\/h2>\n<p style=\"color: #4a4a4a; font-size: 16px; line-height: 1.6; margin-bottom: 20px;\">Con\u00e7us pour durer, nos concasseurs industriels pr\u00e9sentent une construction robuste qui r\u00e9siste \u00e0 des environnements op\u00e9rationnels exigeants.<\/p>\n<ul style=\"list-style-type: none; padding: 0;\">\n<li style=\"color: #4a4a4a; font-size: 16px; margin-bottom: 10px; display: flex; align-items: center;\"><span style=\"color: #62ab66; font-weight: bold; margin-right: 10px;\">\u2713<\/span> Mat\u00e9riaux r\u00e9sistants<\/li>\n<li style=\"color: #4a4a4a; font-size: 16px; margin-bottom: 10px; display: flex; align-items: center;\"><span style=\"color: #62ab66; font-weight: bold; margin-right: 10px;\">\u2713<\/span> Design robuste<\/li>\n<li style=\"color: #4a4a4a; font-size: 16px; margin-bottom: 10px; display: flex; align-items: center;\"><span style=\"color: #62ab66; font-weight: bold; margin-right: 10px;\">\u2713<\/span> Haute efficacit\u00e9 op\u00e9rationnelle<\/li>\n<\/ul>\n<\/div>\n<p><!-- Card 2: Versatile Shredding Options --><\/p>\n<div style=\"flex: 1 1 calc(33.33% - 20px); background-color: #ffffff; border-radius: 10px; padding: 30px; margin: 20px 0; box-shadow: 0 10px 20px rgba(0, 0, 0, 0.1); box-sizing: border-box; transition: transform 0.3s ease, box-shadow 0.3s ease;\">\n<h2 style=\"color: #62ab66; font-size: 24px; margin-bottom: 15px; font-weight: bold; text-transform: uppercase; letter-spacing: 1px;\">Options de broyage polyvalentes<\/h2>\n<p style=\"color: #4a4a4a; font-size: 16px; line-height: 1.6; margin-bottom: 20px;\">Nos concasseurs offrent de multiples options de broyage, ce qui les rend adapt\u00e9s \u00e0 divers mat\u00e9riaux, y compris les plastiques, les m\u00e9taux et le papier.<\/p>\n<ul style=\"list-style-type: none; padding: 0;\">\n<li style=\"color: #4a4a4a; font-size: 16px; margin-bottom: 10px; display: flex; align-items: center;\"><span style=\"color: #62ab66; font-weight: bold; margin-right: 10px;\">\u2713<\/span> Configurations de lames multiples<\/li>\n<li style=\"color: #4a4a4a; font-size: 16px; margin-bottom: 10px; display: flex; align-items: center;\"><span style=\"color: #62ab66; font-weight: bold; margin-right: 10px;\">\u2713<\/span> Options de taille pratiques<\/li>\n<li style=\"color: #4a4a4a; font-size: 16px; margin-bottom: 10px; display: flex; align-items: center;\"><span style=\"color: #62ab66; font-weight: bold; margin-right: 10px;\">\u2713<\/span> R\u00e9glages personnalisables<\/li>\n<\/ul>\n<\/div>\n<p><!-- Card 3: Energy Efficiency --><\/p>\n<div style=\"flex: 1 1 calc(33.33% - 20px); background-color: #ffffff; border-radius: 10px; padding: 30px; margin: 20px 0; box-shadow: 0 10px 20px rgba(0, 0, 0, 0.1); box-sizing: border-box; transition: transform 0.3s ease, box-shadow 0.3s ease;\">\n<h2 style=\"color: #62ab66; font-size: 24px; margin-bottom: 15px; font-weight: bold; text-transform: uppercase; letter-spacing: 1px;\">\u00c9conomie d'\u00e9nergie<\/h2>\n<p style=\"color: #4a4a4a; font-size: 16px; line-height: 1.6; margin-bottom: 20px;\">Con\u00e7us avec l'\u00e9conomie d'\u00e9nergie \u00e0 l'esprit, nos concasseurs industriels aident \u00e0 r\u00e9duire les co\u00fbts op\u00e9rationnels tout en maximisant la production.<\/p>\n<ul style=\"list-style-type: none; padding: 0;\">\n<li style=\"color: #4a4a4a; font-size: 16px; margin-bottom: 10px; display: flex; align-items: center;\"><span style=\"color: #62ab66; font-weight: bold; margin-right: 10px;\">\u2713<\/span> Consommation d'\u00e9nergie faible<\/li>\n<li style=\"color: #4a4a4a; font-size: 16px; margin-bottom: 10px; display: flex; align-items: center;\"><span style=\"color: #62ab66; font-weight: bold; margin-right: 10px;\">\u2713<\/span> Haute capacit\u00e9 de passage<\/li>\n<li style=\"color: #4a4a4a; font-size: 16px; margin-bottom: 10px; display: flex; align-items: center;\"><span style=\"color: #62ab66; font-weight: bold; margin-right: 10px;\">\u2713<\/span> Design \u00e9cologique<\/li>\n<\/ul>\n<\/div>\n<\/div>\n<p><!-- Inline CSS for Mobile Responsiveness --><\/p>\n<div style=\"position: relative; width: 100%; padding-top: 56.25%; overflow: hidden; border-radius: 10px; box-shadow: 0 4px 8px rgba(0, 0, 0, 0.2);\"><iframe style=\"position: absolute; top: 0; left: 0; width: 100%; height: 100%; border: none; border-radius: 10px;\" title=\"Player de vid\u00e9o YouTube\" src=\"https:\/\/www.youtube.com\/embed\/UnKo-Q3jJOE?si=iBpyN4JysJEOwJeh\" frameborder=\"0\" allowfullscreen=\"allowfullscreen\"><br \/>\n<\/iframe><\/div>\n<\/div>\n\n\t\t<\/div>\n\t<\/div>\n<div class=\"themestek-boxes themestek-boxes-blog themestek-boxes-view-default themestek-boxes-col-three themestek-boxes-sortable-no themestek-boxes-textalign-center themestek-boxes-sortablebutton-\">\r\n\t\t<div class=\"themestek-boxes-inner themestek-boxes-blog-inner\"><\/div><!-- .themestek-boxes-inner -->   <\/div><!-- .themestek-boxes -->  \t\t<\/div>\r\n\t<\/div>\r\n<\/div>\r\n\r\n\r\n\t<\/div>\r\n\r\n\r\n\n<\/div>","protected":false},"excerpt":{"rendered":"Heavy-Duty Construction Built to last, our industrial shredders feature heavy-duty construction that withstands demanding operational environments. \u2713 Durable materials \u2713 Robust design \u2713 High operational efficiency Versatile Shredding Options Our shredders offer multiple shredding options, making them suitable for various materials including plastics, metals, and paper. \u2713 Multiple blade configurations \u2713 Convenient size options \u2713 &hellip; <a href=\"https:\/\/plasticwashingmachine.net\/fr\/broyeurs-de-plastique\/\" class=\"more-link\">Continuer la lecture <span class=\"screen-reader-text\">Broyeurs en plastique<\/span><\/a>","protected":false},"author":1,"featured_media":0,"parent":0,"menu_order":23,"comment_status":"closed","ping_status":"closed","template":"","meta":{"footnotes":""},"class_list":["post-7061","page","type-page","status-publish","hentry"],"_links":{"self":[{"href":"https:\/\/plasticwashingmachine.net\/fr\/wp-json\/wp\/v2\/pages\/7061","targetHints":{"allow":["GET"]}}],"collection":[{"href":"https:\/\/plasticwashingmachine.net\/fr\/wp-json\/wp\/v2\/pages"}],"about":[{"href":"https:\/\/plasticwashingmachine.net\/fr\/wp-json\/wp\/v2\/types\/page"}],"author":[{"embeddable":true,"href":"https:\/\/plasticwashingmachine.net\/fr\/wp-json\/wp\/v2\/users\/1"}],"replies":[{"embeddable":true,"href":"https:\/\/plasticwashingmachine.net\/fr\/wp-json\/wp\/v2\/comments?post=7061"}],"version-history":[{"count":0,"href":"https:\/\/plasticwashingmachine.net\/fr\/wp-json\/wp\/v2\/pages\/7061\/revisions"}],"wp:attachment":[{"href":"https:\/\/plasticwashingmachine.net\/fr\/wp-json\/wp\/v2\/media?parent=7061"}],"curies":[{"name":"wp","href":"https:\/\/api.w.org\/{rel}","templated":true}]}}