{"id":7515,"date":"2023-08-09T02:11:12","date_gmt":"2023-08-09T09:11:12","guid":{"rendered":"https:\/\/plasticwashingmachine.net\/?page_id=7515"},"modified":"2023-08-09T02:11:12","modified_gmt":"2023-08-09T09:11:12","slug":"empacadora","status":"publish","type":"page","link":"https:\/\/plasticwashingmachine.net\/es\/empacadora\/","title":{"rendered":"Prensa embaladora"},"content":{"rendered":"<div class=\"wpb-content-wrapper\">\r\n<div class=\"vc_row ts-row wpb_row vc_row-fluid ts-total-col-1 ts-zindex-0 container ts-bgimage-position-center_center\">\r\n\r\n        \r\n\t\r\n\t\r\n\t\t\r\n<div class=\"ts-column wpb_column vc_column_container vc_col-sm-12 ts-zindex-0\">\r\n\t<div class=\"vc_column-inner\">\r\n\t\t\t\t<div class=\"wpb_wrapper\">\r\n\t\t\t<div class=\"themestek-boxes themestek-boxes-blog themestek-boxes-view-default themestek-boxes-col-three themestek-boxes-sortable-no themestek-boxes-textalign-center themestek-boxes-sortablebutton-\">\r\n\t\t<div class=\"themestek-boxes-inner themestek-boxes-blog-inner\">\r\n\t\t\t\r\n\t\t\t<div class=\"row multi-columns-row themestek-boxes-row-wrapper\">\r\n\t\t\t\t<div class=\"ts-box-col-wrapper col-lg-4 col-sm-6 col-md-4 col-xs-12 ts-term-74\"><article class=\"themestek-box themestek-box-blog ts-blogbox-style-1 themestek-box-style1 themestek-blogbox-format-image\">\r\n\t<div class=\"post-item\">\r\n\t\t\r\n\t\t<div class=\"ts-blog-image-with-meta\">\r\n\t\t\t<div class=\"ts-featured-wrapper ts-post-featured-wrapper ts-post-format-image\"><img loading=\"lazy\" decoding=\"async\" width=\"1500\" height=\"1125\" src=\"https:\/\/plasticwashingmachine.net\/wp-content\/uploads\/2023\/08\/Semi-Automatic-Balers.webp\" class=\"attachment-themestek-img-800x700 size-themestek-img-800x700 wp-post-image\" alt=\"Empacadoras semiautom\u00e1ticas\" srcset=\"https:\/\/plasticwashingmachine.net\/wp-content\/uploads\/2023\/08\/Semi-Automatic-Balers.webp 1500w, https:\/\/plasticwashingmachine.net\/wp-content\/uploads\/2023\/08\/Semi-Automatic-Balers-300x225.webp 300w, https:\/\/plasticwashingmachine.net\/wp-content\/uploads\/2023\/08\/Semi-Automatic-Balers-1024x768.webp 1024w, https:\/\/plasticwashingmachine.net\/wp-content\/uploads\/2023\/08\/Semi-Automatic-Balers-768x576.webp 768w\" sizes=\"auto, (max-width: 1500px) 100vw, 1500px\" data-id=\"7506\" \/><\/div>\t\t\t\t\t<div class=\"ts-featured-meta-wrapper ts-featured-overlay\">\t\t\t\t\t\t\t\r\n\r\n\t\t\t\t\t\t\t\t\t\t\t\t\t<span class=\"ts-meta-line cat-links\"><i class=\"ts-industco-icon-category\"><\/i> <span class=\"screen-reader-text ts-hide\">Categories <\/span><a href=\"https:\/\/plasticwashingmachine.net\/es\/categoria\/empacadora\/\">Prensa embaladora<\/a><\/span>\r\n\t\t\t\t\t\t\r\n\t\t\t\t\t\t\t\t\t\t\t\t<span class=\"ts-meta-line posted-on\">\r\n\t\t\t\t\t\t\t<i class=\"ts-industco-icon-clock\"><\/i> \r\n\t\t\t\t\t\t\t<span class=\"screen-reader-text ts-hide\">Posted on <\/span>\r\n\t\t\t\t\t\t\t<a href=\"https:\/\/plasticwashingmachine.net\/es\/revolucion-en-la-gestion-de-residuos-de-la-empacadora-horizontal-semiautomatica\/\" rel=\"bookmark\">\r\n\t\t\t\t\t\t\t\t<time class=\"entry-date published\" datetime=\"2024-12-31T01:51:11-08:00\">31\/12\/2024<\/time>\r\n\t\t\t\t\t\t\t\t<time class=\"updated ts-hide\" datetime=\"2024-12-31T01:51:11-08:00\">31\/12\/2024<\/time>\r\n\t\t\t\t\t\t\t<\/a>\r\n\t\t\t\t\t\t<\/span>\r\n\r\n\t\t\t\t\t<\/div>\r\n\t\t<\/div>\t\t\r\n\r\n\t\t<div class=\"themestek-box-content\">\t\r\n\t\t\t<div class=\"themestek-box-title\"><h4><a href=\"https:\/\/plasticwashingmachine.net\/es\/revolucion-en-la-gestion-de-residuos-de-la-empacadora-horizontal-semiautomatica\/\">Prensas horizontales semiautom\u00e1ticas: La revoluci\u00f3n de la gesti\u00f3n de residuos<\/a><\/h4><\/div>\t\t\t<div class=\"themestek-box-desc\">\r\n\t\t\t\t<div class=\"themestek-box-desc-text\">\"Descubra la empacadora horizontal semiautom\u00e1tica, un cambio radical en la gesti\u00f3n de residuos. V\u00e9alo ahora\".\"<\/div>\r\n\t\t\t<\/div>\r\n\r\n\t\t\t<div class=\"themestek-blogbox-footer-readmore\">\r\n\t\t\t\t<div class=\"themestek-blogbox-footer-left\"><a href=\"https:\/\/plasticwashingmachine.net\/es\/revolucion-en-la-gestion-de-residuos-de-la-empacadora-horizontal-semiautomatica\/\">Seguir leyendo<\/a><\/div>\t\t\t<\/div>\r\n\r\n\t\t<\/div>\r\n\t<\/div>\r\n<\/article>\r\n\r\n<\/div><div class=\"ts-box-col-wrapper col-lg-4 col-sm-6 col-md-4 col-xs-12 ts-term-74\"><article class=\"themestek-box themestek-box-blog ts-blogbox-style-1 themestek-box-style1 themestek-blogbox-format-image\">\r\n\t<div class=\"post-item\">\r\n\t\t\r\n\t\t<div class=\"ts-blog-image-with-meta\">\r\n\t\t\t<div class=\"ts-featured-wrapper ts-post-featured-wrapper ts-post-format-image\"><img loading=\"lazy\" decoding=\"async\" width=\"738\" height=\"738\" src=\"https:\/\/plasticwashingmachine.net\/wp-content\/uploads\/2023\/08\/Double_vertical_baler_machine-06.webp\" class=\"attachment-themestek-img-800x700 size-themestek-img-800x700 wp-post-image\" alt=\"Reciclaje eficiente con empacadoras verticales dobles\" srcset=\"https:\/\/plasticwashingmachine.net\/wp-content\/uploads\/2023\/08\/Double_vertical_baler_machine-06.webp 738w, https:\/\/plasticwashingmachine.net\/wp-content\/uploads\/2023\/08\/Double_vertical_baler_machine-06-300x300.webp 300w, https:\/\/plasticwashingmachine.net\/wp-content\/uploads\/2023\/08\/Double_vertical_baler_machine-06-150x150.webp 150w\" sizes=\"auto, (max-width: 738px) 100vw, 738px\" data-id=\"7523\" \/><\/div>\t\t\t\t\t<div class=\"ts-featured-meta-wrapper ts-featured-overlay\">\t\t\t\t\t\t\t\r\n\r\n\t\t\t\t\t\t\t\t\t\t\t\t\t<span class=\"ts-meta-line cat-links\"><i class=\"ts-industco-icon-category\"><\/i> <span class=\"screen-reader-text ts-hide\">Categories <\/span><a href=\"https:\/\/plasticwashingmachine.net\/es\/categoria\/empacadora\/\">Prensa embaladora<\/a><\/span>\r\n\t\t\t\t\t\t\r\n\t\t\t\t\t\t\t\t\t\t\t\t<span class=\"ts-meta-line posted-on\">\r\n\t\t\t\t\t\t\t<i class=\"ts-industco-icon-clock\"><\/i> \r\n\t\t\t\t\t\t\t<span class=\"screen-reader-text ts-hide\">Posted on <\/span>\r\n\t\t\t\t\t\t\t<a href=\"https:\/\/plasticwashingmachine.net\/es\/reciclaje-eficiente-con-empacadora-vertical-doble\/\" rel=\"bookmark\">\r\n\t\t\t\t\t\t\t\t<time class=\"entry-date published\" datetime=\"2024-12-31T01:38:18-08:00\">31\/12\/2024<\/time>\r\n\t\t\t\t\t\t\t\t<time class=\"updated ts-hide\" datetime=\"2024-12-31T01:38:18-08:00\">31\/12\/2024<\/time>\r\n\t\t\t\t\t\t\t<\/a>\r\n\t\t\t\t\t\t<\/span>\r\n\r\n\t\t\t\t\t<\/div>\r\n\t\t<\/div>\t\t\r\n\r\n\t\t<div class=\"themestek-box-content\">\t\r\n\t\t\t<div class=\"themestek-box-title\"><h4><a href=\"https:\/\/plasticwashingmachine.net\/es\/reciclaje-eficiente-con-empacadora-vertical-doble\/\">Reciclaje eficiente con empacadoras verticales dobles<\/a><\/h4><\/div>\t\t\t<div class=\"themestek-box-desc\">\r\n\t\t\t\t<div class=\"themestek-box-desc-text\">Descubra el potencial de la empacadora vertical de doble cilindro hidr\u00e1ulico para el reciclaje sostenible. Conozca sus caracter\u00edsticas, aplicaciones y ventajas.<\/div>\r\n\t\t\t<\/div>\r\n\r\n\t\t\t<div class=\"themestek-blogbox-footer-readmore\">\r\n\t\t\t\t<div class=\"themestek-blogbox-footer-left\"><a href=\"https:\/\/plasticwashingmachine.net\/es\/reciclaje-eficiente-con-empacadora-vertical-doble\/\">Seguir leyendo<\/a><\/div>\t\t\t<\/div>\r\n\r\n\t\t<\/div>\r\n\t<\/div>\r\n<\/article>\r\n\r\n<\/div><div class=\"ts-box-col-wrapper col-lg-4 col-sm-6 col-md-4 col-xs-12 ts-term-74\"><article class=\"themestek-box themestek-box-blog ts-blogbox-style-1 themestek-box-style1 themestek-blogbox-format-image\">\r\n\t<div class=\"post-item\">\r\n\t\t\r\n\t\t<div class=\"ts-blog-image-with-meta\">\r\n\t\t\t<div class=\"ts-featured-wrapper ts-post-featured-wrapper ts-post-format-image\"><img loading=\"lazy\" decoding=\"async\" width=\"1500\" height=\"1125\" src=\"https:\/\/plasticwashingmachine.net\/wp-content\/uploads\/2023\/08\/4015e9b9-d5c5-44a0-ab26-baac65fbcbe4-0000.webp\" class=\"attachment-themestek-img-800x700 size-themestek-img-800x700 wp-post-image\" alt=\"Prensas horizontales semiautom\u00e1ticas: Gesti\u00f3n de residuos de \u00faltima generaci\u00f3n\" srcset=\"https:\/\/plasticwashingmachine.net\/wp-content\/uploads\/2023\/08\/4015e9b9-d5c5-44a0-ab26-baac65fbcbe4-0000.webp 1500w, https:\/\/plasticwashingmachine.net\/wp-content\/uploads\/2023\/08\/4015e9b9-d5c5-44a0-ab26-baac65fbcbe4-0000-300x225.webp 300w, https:\/\/plasticwashingmachine.net\/wp-content\/uploads\/2023\/08\/4015e9b9-d5c5-44a0-ab26-baac65fbcbe4-0000-1024x768.webp 1024w, https:\/\/plasticwashingmachine.net\/wp-content\/uploads\/2023\/08\/4015e9b9-d5c5-44a0-ab26-baac65fbcbe4-0000-768x576.webp 768w\" sizes=\"auto, (max-width: 1500px) 100vw, 1500px\" data-id=\"7532\" \/><\/div>\t\t\t\t\t<div class=\"ts-featured-meta-wrapper ts-featured-overlay\">\t\t\t\t\t\t\t\r\n\r\n\t\t\t\t\t\t\t\t\t\t\t\t\t<span class=\"ts-meta-line cat-links\"><i class=\"ts-industco-icon-category\"><\/i> <span class=\"screen-reader-text ts-hide\">Categories <\/span><a href=\"https:\/\/plasticwashingmachine.net\/es\/categoria\/empacadora\/\">Prensa embaladora<\/a><\/span>\r\n\t\t\t\t\t\t\r\n\t\t\t\t\t\t\t\t\t\t\t\t<span class=\"ts-meta-line posted-on\">\r\n\t\t\t\t\t\t\t<i class=\"ts-industco-icon-clock\"><\/i> \r\n\t\t\t\t\t\t\t<span class=\"screen-reader-text ts-hide\">Posted on <\/span>\r\n\t\t\t\t\t\t\t<a href=\"https:\/\/plasticwashingmachine.net\/es\/empacadora-horizontal-semiautomatica-de-gestion-de-residuos-de-ultima-generacion\/\" rel=\"bookmark\">\r\n\t\t\t\t\t\t\t\t<time class=\"entry-date published\" datetime=\"2024-12-31T01:36:29-08:00\">31\/12\/2024<\/time>\r\n\t\t\t\t\t\t\t\t<time class=\"updated ts-hide\" datetime=\"2024-12-31T01:36:29-08:00\">31\/12\/2024<\/time>\r\n\t\t\t\t\t\t\t<\/a>\r\n\t\t\t\t\t\t<\/span>\r\n\r\n\t\t\t\t\t<\/div>\r\n\t\t<\/div>\t\t\r\n\r\n\t\t<div class=\"themestek-box-content\">\t\r\n\t\t\t<div class=\"themestek-box-title\"><h4><a href=\"https:\/\/plasticwashingmachine.net\/es\/empacadora-horizontal-semiautomatica-de-gestion-de-residuos-de-ultima-generacion\/\">Prensas horizontales semiautom\u00e1ticas: Gesti\u00f3n de residuos de \u00faltima generaci\u00f3n<\/a><\/h4><\/div>\t\t\t<div class=\"themestek-box-desc\">\r\n\t\t\t\t<div class=\"themestek-box-desc-text\">Descubra la eficacia de nuestra empacadora horizontal semiautom\u00e1tica, dise\u00f1ada para una gesti\u00f3n y un reciclaje \u00f3ptimos de los residuos. Compacta, sostenible y f\u00e1cil de usar.<\/div>\r\n\t\t\t<\/div>\r\n\r\n\t\t\t<div class=\"themestek-blogbox-footer-readmore\">\r\n\t\t\t\t<div class=\"themestek-blogbox-footer-left\"><a href=\"https:\/\/plasticwashingmachine.net\/es\/empacadora-horizontal-semiautomatica-de-gestion-de-residuos-de-ultima-generacion\/\">Seguir leyendo<\/a><\/div>\t\t\t<\/div>\r\n\r\n\t\t<\/div>\r\n\t<\/div>\r\n<\/article>\r\n\r\n<\/div>\r\n\t\t\t<\/div>\r\n\t\t<\/div><!-- .themestek-boxes-inner -->   <\/div><!-- .themestek-boxes -->  \t\t<\/div>\r\n\t<\/div>\r\n<\/div>\r\n\r\n\r\n\t<\/div>\r\n\r\n\r\n\n<\/div>","protected":false},"excerpt":{"rendered":"https:\/\/youtu.be\/oeqkdYNpkrU Introduction Introducing our state-of-the-art Semi-Automatic Horizontal Baler, the chosen solution for businesses aiming to streamline their waste management and recycling processes. This machine is not only efficient but also environmentally friendly, turning large volumes of waste into compact bales ready for recycling or disposal. Main Technical Parameter ModelPressure(tons)Bale size(mm)Feed opening size(mm)Bale weight(kg)Power(kw)Machine size(m)Conveyorsize(m\uff09 RMT4040720*720*500~10001000*640250~350117*1*1.51*8 &hellip; <a href=\"https:\/\/plasticwashingmachine.net\/es\/empacadora-horizontal-semiautomatica-de-gestion-de-residuos-de-ultima-generacion\/\" class=\"more-link\">Seguir leyendo <span class=\"screen-reader-text\">Prensas horizontales semiautom\u00e1ticas: Gesti\u00f3n de residuos de \u00faltima generaci\u00f3n<\/span><\/a>","protected":false},"author":1,"featured_media":0,"parent":0,"menu_order":23,"comment_status":"closed","ping_status":"closed","template":"","meta":{"footnotes":""},"class_list":["post-7515","page","type-page","status-publish","hentry"],"_links":{"self":[{"href":"https:\/\/plasticwashingmachine.net\/es\/wp-json\/wp\/v2\/pages\/7515","targetHints":{"allow":["GET"]}}],"collection":[{"href":"https:\/\/plasticwashingmachine.net\/es\/wp-json\/wp\/v2\/pages"}],"about":[{"href":"https:\/\/plasticwashingmachine.net\/es\/wp-json\/wp\/v2\/types\/page"}],"author":[{"embeddable":true,"href":"https:\/\/plasticwashingmachine.net\/es\/wp-json\/wp\/v2\/users\/1"}],"replies":[{"embeddable":true,"href":"https:\/\/plasticwashingmachine.net\/es\/wp-json\/wp\/v2\/comments?post=7515"}],"version-history":[{"count":0,"href":"https:\/\/plasticwashingmachine.net\/es\/wp-json\/wp\/v2\/pages\/7515\/revisions"}],"wp:attachment":[{"href":"https:\/\/plasticwashingmachine.net\/es\/wp-json\/wp\/v2\/media?parent=7515"}],"curies":[{"name":"wp","href":"https:\/\/api.w.org\/{rel}","templated":true}]}}