{"id":7426,"date":"2023-05-04T22:42:33","date_gmt":"2023-05-05T05:42:33","guid":{"rendered":"https:\/\/plasticwashingmachine.net\/?page_id=7426"},"modified":"2023-05-04T22:42:54","modified_gmt":"2023-05-05T05:42:54","slug":"sistema-de-asistencia","status":"publish","type":"page","link":"https:\/\/plasticwashingmachine.net\/es\/sistema-de-asistencia\/","title":{"rendered":"Sistema de asistencia"},"content":{"rendered":"<div class=\"wpb-content-wrapper\">\r\n<div class=\"vc_row ts-row wpb_row vc_row-fluid ts-total-col-1 ts-zindex-0 container ts-bgimage-position-center_center\">\r\n\r\n        \r\n\t\r\n\t\r\n\t\t\r\n<div class=\"ts-column wpb_column vc_column_container vc_col-sm-12 ts-zindex-0\">\r\n\t<div class=\"vc_column-inner\">\r\n\t\t\t\t<div class=\"wpb_wrapper\">\r\n\t\t\t<div class=\"themestek-boxes themestek-boxes-blog themestek-boxes-view-default themestek-boxes-col-three themestek-boxes-sortable-no themestek-boxes-textalign-center themestek-boxes-sortablebutton-\">\r\n\t\t<div class=\"themestek-boxes-inner themestek-boxes-blog-inner\">\r\n\t\t\t\r\n\t\t\t<div class=\"row multi-columns-row themestek-boxes-row-wrapper\">\r\n\t\t\t\t<div class=\"ts-box-col-wrapper col-lg-4 col-sm-6 col-md-4 col-xs-12 ts-term-67\"><article class=\"themestek-box themestek-box-blog ts-blogbox-style-1 themestek-box-style1 themestek-blogbox-format-image\">\r\n\t<div class=\"post-item\">\r\n\t\t\r\n\t\t<div class=\"ts-blog-image-with-meta\">\r\n\t\t\t<div class=\"ts-featured-wrapper ts-post-featured-wrapper ts-post-format-image\"><img loading=\"lazy\" decoding=\"async\" width=\"1920\" height=\"1072\" src=\"https:\/\/plasticwashingmachine.net\/wp-content\/uploads\/2025\/05\/Trommel-for-PET-Bottle-Recycling.webp\" class=\"attachment-themestek-img-800x700 size-themestek-img-800x700 wp-post-image\" alt=\"Trommel para el reciclaje de botellas de PET\" srcset=\"https:\/\/plasticwashingmachine.net\/wp-content\/uploads\/2025\/05\/Trommel-for-PET-Bottle-Recycling.webp 1920w, https:\/\/plasticwashingmachine.net\/wp-content\/uploads\/2025\/05\/Trommel-for-PET-Bottle-Recycling-300x168.webp 300w, https:\/\/plasticwashingmachine.net\/wp-content\/uploads\/2025\/05\/Trommel-for-PET-Bottle-Recycling-1024x572.webp 1024w, https:\/\/plasticwashingmachine.net\/wp-content\/uploads\/2025\/05\/Trommel-for-PET-Bottle-Recycling-768x429.webp 768w, https:\/\/plasticwashingmachine.net\/wp-content\/uploads\/2025\/05\/Trommel-for-PET-Bottle-Recycling-1536x858.webp 1536w, https:\/\/plasticwashingmachine.net\/wp-content\/uploads\/2025\/05\/Trommel-for-PET-Bottle-Recycling-18x10.webp 18w\" sizes=\"auto, (max-width: 1920px) 100vw, 1920px\" data-id=\"8469\" \/><\/div>\t\t\t\t\t<div class=\"ts-featured-meta-wrapper ts-featured-overlay\">\t\t\t\t\t\t\t\r\n\r\n\t\t\t\t\t\t\t\t\t\t\t\t\t<span class=\"ts-meta-line cat-links\"><i class=\"ts-industco-icon-category\"><\/i> <span class=\"screen-reader-text ts-hide\">Categories <\/span><a href=\"https:\/\/plasticwashingmachine.net\/es\/categoria\/sistema-de-asistencia\/\">Sistema de asistencia<\/a><\/span>\r\n\t\t\t\t\t\t\r\n\t\t\t\t\t\t\t\t\t\t\t\t<span class=\"ts-meta-line posted-on\">\r\n\t\t\t\t\t\t\t<i class=\"ts-industco-icon-clock\"><\/i> \r\n\t\t\t\t\t\t\t<span class=\"screen-reader-text ts-hide\">Posted on <\/span>\r\n\t\t\t\t\t\t\t<a href=\"https:\/\/plasticwashingmachine.net\/es\/un-tromel\/\" rel=\"bookmark\">\r\n\t\t\t\t\t\t\t\t<time class=\"entry-date published\" datetime=\"2025-05-25T02:43:59-07:00\">25\/05\/2025<\/time>\r\n\t\t\t\t\t\t\t\t<time class=\"updated ts-hide\" datetime=\"2026-01-11T16:56:12-08:00\">11\/01\/2026<\/time>\r\n\t\t\t\t\t\t\t<\/a>\r\n\t\t\t\t\t\t<\/span>\r\n\r\n\t\t\t\t\t<\/div>\r\n\t\t<\/div>\t\t\r\n\r\n\t\t<div class=\"themestek-box-content\">\t\r\n\t\t\t<div class=\"themestek-box-title\"><h4><a href=\"https:\/\/plasticwashingmachine.net\/es\/un-tromel\/\">Trommel para el reciclaje de botellas de PET<\/a><\/h4><\/div>\t\t\t<div class=\"themestek-box-desc\">\r\n\t\t\t\t<div class=\"themestek-box-desc-text\">El Trommel Rumtoo es una m\u00e1quina de separaci\u00f3n de rotaci\u00f3n lenta pero muy eficaz, dise\u00f1ada para eliminar los contaminantes m\u00e1s peque\u00f1os del flujo de reciclado de botellas de PET. Al voltear suavemente el material, protege los equipos posteriores, como las trituradoras, y mejora la pureza de los copos de PET finales, lo que lo convierte en una inversi\u00f3n esencial para cualquier operaci\u00f3n de reciclaje seria.<\/div>\r\n\t\t\t<\/div>\r\n\r\n\t\t\t<div class=\"themestek-blogbox-footer-readmore\">\r\n\t\t\t\t\t\t\t<\/div>\r\n\r\n\t\t<\/div>\r\n\t<\/div>\r\n<\/article>\r\n\r\n<\/div><div class=\"ts-box-col-wrapper col-lg-4 col-sm-6 col-md-4 col-xs-12 ts-term-67\"><article class=\"themestek-box themestek-box-blog ts-blogbox-style-1 themestek-box-style1 themestek-blogbox-format-image\">\r\n\t<div class=\"post-item\">\r\n\t\t\r\n\t\t<div class=\"ts-blog-image-with-meta\">\r\n\t\t\t<div class=\"ts-featured-wrapper ts-post-featured-wrapper ts-post-format-image\"><img loading=\"lazy\" decoding=\"async\" width=\"1921\" height=\"1442\" src=\"https:\/\/plasticwashingmachine.net\/wp-content\/uploads\/2024\/12\/Label-Removal-Machine.webp\" class=\"attachment-themestek-img-800x700 size-themestek-img-800x700 wp-post-image\" alt=\"M\u00e1quina para quitar etiquetas de botellas de pl\u00e1stico\" srcset=\"https:\/\/plasticwashingmachine.net\/wp-content\/uploads\/2024\/12\/Label-Removal-Machine.webp 1921w, https:\/\/plasticwashingmachine.net\/wp-content\/uploads\/2024\/12\/Label-Removal-Machine-300x225.webp 300w, https:\/\/plasticwashingmachine.net\/wp-content\/uploads\/2024\/12\/Label-Removal-Machine-1024x769.webp 1024w, https:\/\/plasticwashingmachine.net\/wp-content\/uploads\/2024\/12\/Label-Removal-Machine-768x576.webp 768w, https:\/\/plasticwashingmachine.net\/wp-content\/uploads\/2024\/12\/Label-Removal-Machine-1536x1153.webp 1536w, https:\/\/plasticwashingmachine.net\/wp-content\/uploads\/2024\/12\/Label-Removal-Machine-16x12.webp 16w\" sizes=\"auto, (max-width: 1921px) 100vw, 1921px\" data-id=\"8474\" \/><\/div>\t\t\t\t\t<div class=\"ts-featured-meta-wrapper ts-featured-overlay\">\t\t\t\t\t\t\t\r\n\r\n\t\t\t\t\t\t\t\t\t\t\t\t\t<span class=\"ts-meta-line cat-links\"><i class=\"ts-industco-icon-category\"><\/i> <span class=\"screen-reader-text ts-hide\">Categories <\/span><a href=\"https:\/\/plasticwashingmachine.net\/es\/categoria\/sistema-de-asistencia\/\">Sistema de asistencia<\/a><\/span>\r\n\t\t\t\t\t\t\r\n\t\t\t\t\t\t\t\t\t\t\t\t<span class=\"ts-meta-line posted-on\">\r\n\t\t\t\t\t\t\t<i class=\"ts-industco-icon-clock\"><\/i> \r\n\t\t\t\t\t\t\t<span class=\"screen-reader-text ts-hide\">Posted on <\/span>\r\n\t\t\t\t\t\t\t<a href=\"https:\/\/plasticwashingmachine.net\/es\/maquina-para-quitar-etiquetas-de-botellas-de-plastico\/\" rel=\"bookmark\">\r\n\t\t\t\t\t\t\t\t<time class=\"entry-date published\" datetime=\"2024-12-31T02:33:44-08:00\">31\/12\/2024<\/time>\r\n\t\t\t\t\t\t\t\t<time class=\"updated ts-hide\" datetime=\"2026-01-11T16:56:51-08:00\">11\/01\/2026<\/time>\r\n\t\t\t\t\t\t\t<\/a>\r\n\t\t\t\t\t\t<\/span>\r\n\r\n\t\t\t\t\t<\/div>\r\n\t\t<\/div>\t\t\r\n\r\n\t\t<div class=\"themestek-box-content\">\t\r\n\t\t\t<div class=\"themestek-box-title\"><h4><a href=\"https:\/\/plasticwashingmachine.net\/es\/maquina-para-quitar-etiquetas-de-botellas-de-plastico\/\">M\u00e1quina para quitar etiquetas de botellas de pl\u00e1stico<\/a><\/h4><\/div>\t\t\t<div class=\"themestek-box-desc\">\r\n\t\t\t\t<div class=\"themestek-box-desc-text\">Descubra la m\u00e1quina de eliminaci\u00f3n de etiquetas de botellas de pl\u00e1stico, una herramienta innovadora en el reciclaje de botellas de PET, que garantiza la eliminaci\u00f3n de m\u00e1s de 95% de etiquetas para un proceso de reciclaje m\u00e1s limpio.<\/div>\r\n\t\t\t<\/div>\r\n\r\n\t\t\t<div class=\"themestek-blogbox-footer-readmore\">\r\n\t\t\t\t\t\t\t<\/div>\r\n\r\n\t\t<\/div>\r\n\t<\/div>\r\n<\/article>\r\n\r\n<\/div><div class=\"ts-box-col-wrapper col-lg-4 col-sm-6 col-md-4 col-xs-12 ts-term-67\"><article class=\"themestek-box themestek-box-blog ts-blogbox-style-1 themestek-box-style1 themestek-blogbox-format-image\">\r\n\t<div class=\"post-item\">\r\n\t\t\r\n\t\t<div class=\"ts-blog-image-with-meta\">\r\n\t\t\t<div class=\"ts-featured-wrapper ts-post-featured-wrapper ts-post-format-image\"><img loading=\"lazy\" decoding=\"async\" width=\"1218\" height=\"800\" src=\"https:\/\/plasticwashingmachine.net\/wp-content\/uploads\/2023\/04\/Screw-Conveyor.webp\" class=\"attachment-themestek-img-800x700 size-themestek-img-800x700 wp-post-image\" alt=\"Esta imagen muestra un sistema transportador de tornillo, una m\u00e1quina industrial dise\u00f1ada para transportar materiales a granel. Consiste en un tubo largo e inclinado con un tornillo helicoidal giratorio en su interior. Los materiales se introducen en la tolva de la base, donde el tornillo giratorio los desplaza hasta el punto de descarga. El motor situado en la parte superior acciona el mecanismo del tornillo, y el bastidor proporciona soporte estructural. Este tipo de transportador se utiliza para transportar materiales en polvo o granulados, como granos, cemento o gr\u00e1nulos de pl\u00e1stico, que suelen encontrarse en plantas de reciclaje, procesamiento de alimentos o fabricaci\u00f3n.\" srcset=\"https:\/\/plasticwashingmachine.net\/wp-content\/uploads\/2023\/04\/Screw-Conveyor.webp 1218w, https:\/\/plasticwashingmachine.net\/wp-content\/uploads\/2023\/04\/Screw-Conveyor-300x197.webp 300w, https:\/\/plasticwashingmachine.net\/wp-content\/uploads\/2023\/04\/Screw-Conveyor-1024x673.webp 1024w, https:\/\/plasticwashingmachine.net\/wp-content\/uploads\/2023\/04\/Screw-Conveyor-768x504.webp 768w\" sizes=\"auto, (max-width: 1218px) 100vw, 1218px\" data-id=\"7403\" \/><\/div>\t\t\t\t\t<div class=\"ts-featured-meta-wrapper ts-featured-overlay\">\t\t\t\t\t\t\t\r\n\r\n\t\t\t\t\t\t\t\t\t\t\t\t\t<span class=\"ts-meta-line cat-links\"><i class=\"ts-industco-icon-category\"><\/i> <span class=\"screen-reader-text ts-hide\">Categories <\/span><a href=\"https:\/\/plasticwashingmachine.net\/es\/categoria\/sistema-de-asistencia\/\">Sistema de asistencia<\/a><\/span>\r\n\t\t\t\t\t\t\r\n\t\t\t\t\t\t\t\t\t\t\t\t<span class=\"ts-meta-line posted-on\">\r\n\t\t\t\t\t\t\t<i class=\"ts-industco-icon-clock\"><\/i> \r\n\t\t\t\t\t\t\t<span class=\"screen-reader-text ts-hide\">Posted on <\/span>\r\n\t\t\t\t\t\t\t<a href=\"https:\/\/plasticwashingmachine.net\/es\/tornillo-transportador\/\" rel=\"bookmark\">\r\n\t\t\t\t\t\t\t\t<time class=\"entry-date published\" datetime=\"2024-12-31T01:50:14-08:00\">31\/12\/2024<\/time>\r\n\t\t\t\t\t\t\t\t<time class=\"updated ts-hide\" datetime=\"2024-12-31T01:50:14-08:00\">31\/12\/2024<\/time>\r\n\t\t\t\t\t\t\t<\/a>\r\n\t\t\t\t\t\t<\/span>\r\n\r\n\t\t\t\t\t<\/div>\r\n\t\t<\/div>\t\t\r\n\r\n\t\t<div class=\"themestek-box-content\">\t\r\n\t\t\t<div class=\"themestek-box-title\"><h4><a href=\"https:\/\/plasticwashingmachine.net\/es\/tornillo-transportador\/\">Transportador de tornillo<\/a><\/h4><\/div>\t\t\t<div class=\"themestek-box-desc\">\r\n\t\t\t\t<div class=\"themestek-box-desc-text\">Proporcionamos capacidades completas de tuber\u00edas de proceso para la industria de la pulpa y el papel.<\/div>\r\n\t\t\t<\/div>\r\n\r\n\t\t\t<div class=\"themestek-blogbox-footer-readmore\">\r\n\t\t\t\t\t\t\t<\/div>\r\n\r\n\t\t<\/div>\r\n\t<\/div>\r\n<\/article>\r\n\r\n<\/div><div class=\"ts-box-col-wrapper col-lg-4 col-sm-6 col-md-4 col-xs-12 ts-term-67\"><article class=\"themestek-box themestek-box-blog ts-blogbox-style-1 themestek-box-style1 themestek-blogbox-format-image\">\r\n\t<div class=\"post-item\">\r\n\t\t\r\n\t\t<div class=\"ts-blog-image-with-meta\">\r\n\t\t\t<div class=\"ts-featured-wrapper ts-post-featured-wrapper ts-post-format-image\"><img loading=\"lazy\" decoding=\"async\" width=\"528\" height=\"481\" src=\"https:\/\/plasticwashingmachine.net\/wp-content\/uploads\/2023\/04\/Belt-Conveyor.webp\" class=\"attachment-themestek-img-800x700 size-themestek-img-800x700 wp-post-image\" alt=\"Transportador de cinta,m\u00e1quina rumtoo\" srcset=\"https:\/\/plasticwashingmachine.net\/wp-content\/uploads\/2023\/04\/Belt-Conveyor.webp 528w, https:\/\/plasticwashingmachine.net\/wp-content\/uploads\/2023\/04\/Belt-Conveyor-300x273.webp 300w\" sizes=\"auto, (max-width: 528px) 100vw, 528px\" data-id=\"7399\" \/><\/div>\t\t\t\t\t<div class=\"ts-featured-meta-wrapper ts-featured-overlay\">\t\t\t\t\t\t\t\r\n\r\n\t\t\t\t\t\t\t\t\t\t\t\t\t<span class=\"ts-meta-line cat-links\"><i class=\"ts-industco-icon-category\"><\/i> <span class=\"screen-reader-text ts-hide\">Categories <\/span><a href=\"https:\/\/plasticwashingmachine.net\/es\/categoria\/sistema-de-asistencia\/\">Sistema de asistencia<\/a><\/span>\r\n\t\t\t\t\t\t\r\n\t\t\t\t\t\t\t\t\t\t\t\t<span class=\"ts-meta-line posted-on\">\r\n\t\t\t\t\t\t\t<i class=\"ts-industco-icon-clock\"><\/i> \r\n\t\t\t\t\t\t\t<span class=\"screen-reader-text ts-hide\">Posted on <\/span>\r\n\t\t\t\t\t\t\t<a href=\"https:\/\/plasticwashingmachine.net\/es\/cinta-transportadora\/\" rel=\"bookmark\">\r\n\t\t\t\t\t\t\t\t<time class=\"entry-date published\" datetime=\"2024-12-31T00:53:10-08:00\">31\/12\/2024<\/time>\r\n\t\t\t\t\t\t\t\t<time class=\"updated ts-hide\" datetime=\"2024-12-31T00:53:10-08:00\">31\/12\/2024<\/time>\r\n\t\t\t\t\t\t\t<\/a>\r\n\t\t\t\t\t\t<\/span>\r\n\r\n\t\t\t\t\t<\/div>\r\n\t\t<\/div>\t\t\r\n\r\n\t\t<div class=\"themestek-box-content\">\t\r\n\t\t\t<div class=\"themestek-box-title\"><h4><a href=\"https:\/\/plasticwashingmachine.net\/es\/cinta-transportadora\/\">Transportador de banda,Tecnolog\u00eda de transporte integrada<\/a><\/h4><\/div>\t\t\t<div class=\"themestek-box-desc\">\r\n\t\t\t\t<div class=\"themestek-box-desc-text\">Proporcionamos capacidades completas de tuber\u00edas de proceso para la industria de la pulpa y el papel.<\/div>\r\n\t\t\t<\/div>\r\n\r\n\t\t\t<div class=\"themestek-blogbox-footer-readmore\">\r\n\t\t\t\t<div class=\"themestek-blogbox-footer-left\"><a href=\"https:\/\/plasticwashingmachine.net\/es\/cinta-transportadora\/\">Seguir leyendo<\/a><\/div>\t\t\t<\/div>\r\n\r\n\t\t<\/div>\r\n\t<\/div>\r\n<\/article>\r\n\r\n<\/div>\r\n\t\t\t<\/div>\r\n\t\t<\/div><!-- .themestek-boxes-inner -->   <\/div><!-- .themestek-boxes -->  \t\t<\/div>\r\n\t<\/div>\r\n<\/div>\r\n\r\n\r\n\t<\/div>\r\n\r\n\r\n\n<\/div>","protected":false},"excerpt":{"rendered":"Our company offers a wide range of belt conveyor systems tailored to meet your needs. Our selection includes flat belt conveyors, inclined belt conveyors, high-speed belt conveyors, chain conveyors, and more. Our products can be used in various industries, including PET bottle washing systems, and we can also provide customized conveyor solutions to meet specific &hellip; <a href=\"https:\/\/plasticwashingmachine.net\/es\/cinta-transportadora\/\" class=\"more-link\">Seguir leyendo <span class=\"screen-reader-text\">Transportador de banda,Tecnolog\u00eda de transporte integrada<\/span><\/a>","protected":false},"author":1,"featured_media":0,"parent":0,"menu_order":23,"comment_status":"closed","ping_status":"closed","template":"","meta":{"footnotes":""},"class_list":["post-7426","page","type-page","status-publish","hentry"],"_links":{"self":[{"href":"https:\/\/plasticwashingmachine.net\/es\/wp-json\/wp\/v2\/pages\/7426","targetHints":{"allow":["GET"]}}],"collection":[{"href":"https:\/\/plasticwashingmachine.net\/es\/wp-json\/wp\/v2\/pages"}],"about":[{"href":"https:\/\/plasticwashingmachine.net\/es\/wp-json\/wp\/v2\/types\/page"}],"author":[{"embeddable":true,"href":"https:\/\/plasticwashingmachine.net\/es\/wp-json\/wp\/v2\/users\/1"}],"replies":[{"embeddable":true,"href":"https:\/\/plasticwashingmachine.net\/es\/wp-json\/wp\/v2\/comments?post=7426"}],"version-history":[{"count":0,"href":"https:\/\/plasticwashingmachine.net\/es\/wp-json\/wp\/v2\/pages\/7426\/revisions"}],"wp:attachment":[{"href":"https:\/\/plasticwashingmachine.net\/es\/wp-json\/wp\/v2\/media?parent=7426"}],"curies":[{"name":"wp","href":"https:\/\/api.w.org\/{rel}","templated":true}]}}