{"id":7061,"date":"2023-03-11T18:04:14","date_gmt":"2023-03-12T03:04:14","guid":{"rendered":"https:\/\/plasticwashingmachine.net\/?page_id=7061"},"modified":"2025-03-13T22:24:43","modified_gmt":"2025-03-14T05:24:43","slug":"trituradoras-de-plastico","status":"publish","type":"page","link":"https:\/\/plasticwashingmachine.net\/es\/trituradoras-de-plastico\/","title":{"rendered":"Trituradoras de pl\u00e1stico"},"content":{"rendered":"<div class=\"wpb-content-wrapper\">\r\n<div class=\"vc_row ts-row wpb_row vc_row-fluid ts-total-col-1 ts-zindex-0 container ts-bgimage-position-center_center\">\r\n\r\n        \r\n\t\r\n\t\r\n\t\t\r\n<div class=\"ts-column wpb_column vc_column_container vc_col-sm-12 ts-zindex-0\">\r\n\t<div class=\"vc_column-inner\">\r\n\t\t\t\t<div class=\"wpb_wrapper\">\r\n\t\t\t\n\t<div class=\"wpb_text_column wpb_content_element\" >\n\t\t<div class=\"wpb_wrapper\">\n\t\t\t<div style=\"max-width: 1200px; margin: 0 auto; padding: 20px; font-family: Arial, sans-serif; background-color: #f9f9f9; border-radius: 8px;\"><!-- Heavy-Duty Card Container --><\/p>\n<div style=\"display: flex; justify-content: space-between; gap: 20px; flex-wrap: wrap;\"><!-- Card 1: Heavy-Duty Construction --><\/p>\n<div style=\"flex: 1 1 calc(33.33% - 20px); background-color: #ffffff; border-radius: 10px; padding: 30px; margin: 20px 0; box-shadow: 0 10px 20px rgba(0, 0, 0, 0.1); box-sizing: border-box; transition: transform 0.3s ease, box-shadow 0.3s ease;\">\n<h2 style=\"color: #62ab66; font-size: 24px; margin-bottom: 15px; font-weight: bold; text-transform: uppercase; letter-spacing: 1px;\">Construcci\u00f3n robusta<\/h2>\n<p style=\"color: #4a4a4a; font-size: 16px; line-height: 1.6; margin-bottom: 20px;\">Construidas para durar, nuestras trituradoras industriales est\u00e1n fabricadas para soportar entornos operativos exigentes.<\/p>\n<ul style=\"list-style-type: none; padding: 0;\">\n<li style=\"color: #4a4a4a; font-size: 16px; margin-bottom: 10px; display: flex; align-items: center;\"><span style=\"color: #62ab66; font-weight: bold; margin-right: 10px;\">\u2713<\/span> Materiales duraderos<\/li>\n<li style=\"color: #4a4a4a; font-size: 16px; margin-bottom: 10px; display: flex; align-items: center;\"><span style=\"color: #62ab66; font-weight: bold; margin-right: 10px;\">\u2713<\/span> Dise\u00f1o robusto<\/li>\n<li style=\"color: #4a4a4a; font-size: 16px; margin-bottom: 10px; display: flex; align-items: center;\"><span style=\"color: #62ab66; font-weight: bold; margin-right: 10px;\">\u2713<\/span> Alta eficacia operativa<\/li>\n<\/ul>\n<\/div>\n<p><!-- Card 2: Versatile Shredding Options --><\/p>\n<div style=\"flex: 1 1 calc(33.33% - 20px); background-color: #ffffff; border-radius: 10px; padding: 30px; margin: 20px 0; box-shadow: 0 10px 20px rgba(0, 0, 0, 0.1); box-sizing: border-box; transition: transform 0.3s ease, box-shadow 0.3s ease;\">\n<h2 style=\"color: #62ab66; font-size: 24px; margin-bottom: 15px; font-weight: bold; text-transform: uppercase; letter-spacing: 1px;\">Opciones de trituraci\u00f3n vers\u00e1tiles<\/h2>\n<p style=\"color: #4a4a4a; font-size: 16px; line-height: 1.6; margin-bottom: 20px;\">Nuestras trituradoras ofrecen m\u00faltiples opciones de trituraci\u00f3n, por lo que son adecuadas para diversos materiales, como pl\u00e1sticos, metales y papel.<\/p>\n<ul style=\"list-style-type: none; padding: 0;\">\n<li style=\"color: #4a4a4a; font-size: 16px; margin-bottom: 10px; display: flex; align-items: center;\"><span style=\"color: #62ab66; font-weight: bold; margin-right: 10px;\">\u2713<\/span> M\u00faltiples configuraciones de cuchillas<\/li>\n<li style=\"color: #4a4a4a; font-size: 16px; margin-bottom: 10px; display: flex; align-items: center;\"><span style=\"color: #62ab66; font-weight: bold; margin-right: 10px;\">\u2713<\/span> C\u00f3modas opciones de tama\u00f1o<\/li>\n<li style=\"color: #4a4a4a; font-size: 16px; margin-bottom: 10px; display: flex; align-items: center;\"><span style=\"color: #62ab66; font-weight: bold; margin-right: 10px;\">\u2713<\/span> Ajustes personalizables<\/li>\n<\/ul>\n<\/div>\n<p><!-- Card 3: Energy Efficiency --><\/p>\n<div style=\"flex: 1 1 calc(33.33% - 20px); background-color: #ffffff; border-radius: 10px; padding: 30px; margin: 20px 0; box-shadow: 0 10px 20px rgba(0, 0, 0, 0.1); box-sizing: border-box; transition: transform 0.3s ease, box-shadow 0.3s ease;\">\n<h2 style=\"color: #62ab66; font-size: 24px; margin-bottom: 15px; font-weight: bold; text-transform: uppercase; letter-spacing: 1px;\">Eficiencia energ\u00e9tica<\/h2>\n<p style=\"color: #4a4a4a; font-size: 16px; line-height: 1.6; margin-bottom: 20px;\">Dise\u00f1adas pensando en la eficiencia energ\u00e9tica, nuestras trituradoras industriales ayudan a reducir los costes operativos al tiempo que maximizan la producci\u00f3n.<\/p>\n<ul style=\"list-style-type: none; padding: 0;\">\n<li style=\"color: #4a4a4a; font-size: 16px; margin-bottom: 10px; display: flex; align-items: center;\"><span style=\"color: #62ab66; font-weight: bold; margin-right: 10px;\">\u2713<\/span> Bajo consumo de energ\u00eda<\/li>\n<li style=\"color: #4a4a4a; font-size: 16px; margin-bottom: 10px; display: flex; align-items: center;\"><span style=\"color: #62ab66; font-weight: bold; margin-right: 10px;\">\u2713<\/span> Alto rendimiento<\/li>\n<li style=\"color: #4a4a4a; font-size: 16px; margin-bottom: 10px; display: flex; align-items: center;\"><span style=\"color: #62ab66; font-weight: bold; margin-right: 10px;\">\u2713<\/span> Dise\u00f1o ecol\u00f3gico<\/li>\n<\/ul>\n<\/div>\n<\/div>\n<p><!-- Inline CSS for Mobile Responsiveness --><\/p>\n<div style=\"position: relative; width: 100%; padding-top: 56.25%; overflow: hidden; border-radius: 10px; box-shadow: 0 4px 8px rgba(0, 0, 0, 0.2);\"><iframe style=\"position: absolute; top: 0; left: 0; width: 100%; height: 100%; border: none; border-radius: 10px;\" title=\"Reproductor de v\u00eddeo YouTube\" src=\"https:\/\/www.youtube.com\/embed\/UnKo-Q3jJOE?si=iBpyN4JysJEOwJeh\" frameborder=\"0\" allowfullscreen=\"allowfullscreen\"><br \/>\n<\/iframe><\/div>\n<\/div>\n\n\t\t<\/div>\n\t<\/div>\n<div class=\"themestek-boxes themestek-boxes-blog themestek-boxes-view-default themestek-boxes-col-three themestek-boxes-sortable-no themestek-boxes-textalign-center themestek-boxes-sortablebutton-\">\r\n\t\t<div class=\"themestek-boxes-inner themestek-boxes-blog-inner\"><\/div><!-- .themestek-boxes-inner -->   <\/div><!-- .themestek-boxes -->  \t\t<\/div>\r\n\t<\/div>\r\n<\/div>\r\n\r\n\r\n\t<\/div>\r\n\r\n\r\n\n<\/div>","protected":false},"excerpt":{"rendered":"Heavy-Duty Construction Built to last, our industrial shredders feature heavy-duty construction that withstands demanding operational environments. \u2713 Durable materials \u2713 Robust design \u2713 High operational efficiency Versatile Shredding Options Our shredders offer multiple shredding options, making them suitable for various materials including plastics, metals, and paper. \u2713 Multiple blade configurations \u2713 Convenient size options \u2713 &hellip; <a href=\"https:\/\/plasticwashingmachine.net\/es\/trituradoras-de-plastico\/\" class=\"more-link\">Seguir leyendo <span class=\"screen-reader-text\">Trituradoras de pl\u00e1stico<\/span><\/a>","protected":false},"author":1,"featured_media":0,"parent":0,"menu_order":23,"comment_status":"closed","ping_status":"closed","template":"","meta":{"footnotes":""},"class_list":["post-7061","page","type-page","status-publish","hentry"],"_links":{"self":[{"href":"https:\/\/plasticwashingmachine.net\/es\/wp-json\/wp\/v2\/pages\/7061","targetHints":{"allow":["GET"]}}],"collection":[{"href":"https:\/\/plasticwashingmachine.net\/es\/wp-json\/wp\/v2\/pages"}],"about":[{"href":"https:\/\/plasticwashingmachine.net\/es\/wp-json\/wp\/v2\/types\/page"}],"author":[{"embeddable":true,"href":"https:\/\/plasticwashingmachine.net\/es\/wp-json\/wp\/v2\/users\/1"}],"replies":[{"embeddable":true,"href":"https:\/\/plasticwashingmachine.net\/es\/wp-json\/wp\/v2\/comments?post=7061"}],"version-history":[{"count":0,"href":"https:\/\/plasticwashingmachine.net\/es\/wp-json\/wp\/v2\/pages\/7061\/revisions"}],"wp:attachment":[{"href":"https:\/\/plasticwashingmachine.net\/es\/wp-json\/wp\/v2\/media?parent=7061"}],"curies":[{"name":"wp","href":"https:\/\/api.w.org\/{rel}","templated":true}]}}