{"id":4080,"date":"2021-04-27T10:38:18","date_gmt":"2021-04-27T17:38:18","guid":{"rendered":"http:\/\/industco-demo.pbminfotech.com\/?page_id=4080"},"modified":"2023-04-09T23:10:57","modified_gmt":"2023-04-10T06:10:57","slug":"estilo-de-proyectos","status":"publish","type":"page","link":"https:\/\/plasticwashingmachine.net\/es\/estilo-de-proyectos\/","title":{"rendered":"Proyectos Estilo"},"content":{"rendered":"<div class=\"wpb-content-wrapper\">\r\n<div class=\"vc_row ts-row wpb_row vc_row-fluid ts-total-col-1 ts-zindex-0 container ts-bgimage-position-center_center\">\r\n\r\n        \r\n\t\r\n\t\r\n\t\t\r\n<div class=\"ts-column wpb_column vc_column_container vc_col-sm-12 ts-zindex-0\">\r\n\t<div class=\"vc_column-inner\">\r\n\t\t\t\t<div class=\"wpb_wrapper\">\r\n\t\t\t<div class=\"themestek-boxes themestek-boxes-portfolio themestek-boxes-view-default themestek-boxes-col-three themestek-boxes-sortable-yes themestek-boxes-textalign-center themestek-boxes-sortablebutton-\">\r\n\t\t<div class=\"themestek-boxes-inner themestek-boxes-portfolio-inner\">\r\n\t\t\t<div class=\"ts-sortable-wrapper ts-sortable-wrapper-portfolio\"><nav class=\"ts-sortable-list\"><ul><li class=\"ts-sortable-link ts-sortable-all-link\"><a class=\"selected\" href=\"javascript:void(0);\" data-filter=\"*\"> Todos <\/a><\/li><li class=\"ts-sortable-link\"><a href=\"javascript:void(0);\" data-filter=\".ts-term-18\">Caso de proyecto<\/a><\/li><li class=\"ts-sortable-link\"><a href=\"javascript:void(0);\" data-filter=\".ts-term-23\">Mostrar im\u00e1genes<\/a><\/li><\/ul><\/nav><\/div>\r\n\t\t\t<div class=\"row multi-columns-row themestek-boxes-row-wrapper\">\r\n\t\t\t\t<div class=\"ts-box-col-wrapper col-lg-4 col-sm-6 col-md-4 col-xs-12 ts-term-18\"><article class=\"themestek-box themestek-box-portfolio ts-portfoliobox-style-2 themestek-box-view-overlay ts-hover-style-3\">\r\n\t<div class=\"themestek-post-item\">\r\n\t\t\r\n\t\t<span class=\"themestek-item-thumbnail\">\r\n\t\t\t<span class=\"themestek-item-thumbnail-inner\">\r\n\t\t\t\t<img loading=\"lazy\" decoding=\"async\" width=\"800\" height=\"715\" src=\"https:\/\/plasticwashingmachine.net\/wp-content\/uploads\/2022\/03\/500KG-H_PP_woven_bag_washing_squeezing_recycling_line-800x715.jpg\" class=\"attachment-themestek-img-800x715 size-themestek-img-800x715 wp-post-image\" alt=\"L\u00ednea de reciclaje de lavado y exprimido de bolsas tejidas de PP de 500KG\/H\" data-id=\"7337\" \/>\r\n\t\t\t<\/span>\r\n\t\t<\/span>\t\t<div class=\"themestek-box-content themestek-overlay\">\r\n\t\t\t<div class=\"themestek-box-content-inner\">\t\t\t  \r\n\t\t\t\t<div class=\"themestek-pf-box-title\">\r\n\t\t\t\t\t<h3><a href=\"https:\/\/plasticwashingmachine.net\/es\/cartera\/linea-de-reciclaje-exprimido-y-lavado-de-bolsas-tejidas-de-500-kg-h-pp\/\">L\u00ednea de reciclaje de lavado y exprimido de bolsas tejidas PP 500KG\/H<\/a><\/h3>\r\n\t\t\t\t\t<div class=\"themestek-box-category\"><a href=\"https:\/\/plasticwashingmachine.net\/es\/categoria-de-cartera\/caso-del-proyecto\/\" rel=\"tag\">Caso de proyecto<\/a><\/div>\r\n\t\t\t\t<\/div>\t\r\n\t\t\t\t<div class=\"themestek-icon-box themestek-media-link\">\r\n\t\t\t\t\t<a class=\"ts_prettyphoto\" title=\"L\u00ednea de reciclaje de lavado y exprimido de bolsas tejidas PP 500KG\/H\" href=\"https:\/\/plasticwashingmachine.net\/wp-content\/uploads\/2022\/03\/500KG-H_PP_woven_bag_washing_squeezing_recycling_line.jpg\"><i class=\"demo-icon ts-industco-icon-resize-full\"><\/i><\/a>\t\t\t\t<\/div>\r\n            <\/div>\r\n\t\t<\/div>\r\n\t<\/div>\r\n<\/article><\/div><div class=\"ts-box-col-wrapper col-lg-4 col-sm-6 col-md-4 col-xs-12 ts-term-18\"><article class=\"themestek-box themestek-box-portfolio ts-portfoliobox-style-2 themestek-box-view-overlay ts-hover-style-3\">\r\n\t<div class=\"themestek-post-item\">\r\n\t\t\r\n\t\t<span class=\"themestek-item-thumbnail\">\r\n\t\t\t<span class=\"themestek-item-thumbnail-inner\">\r\n\t\t\t\t<img loading=\"lazy\" decoding=\"async\" width=\"800\" height=\"454\" src=\"https:\/\/plasticwashingmachine.net\/wp-content\/uploads\/2021\/09\/500kg-h_PP-PE_Woven_Bags_washing_recycling_line-800x454.jpg\" class=\"attachment-themestek-img-800x715 size-themestek-img-800x715 wp-post-image\" alt=\"\" data-id=\"7330\" \/>\r\n\t\t\t<\/span>\r\n\t\t<\/span>\t\t<div class=\"themestek-box-content themestek-overlay\">\r\n\t\t\t<div class=\"themestek-box-content-inner\">\t\t\t  \r\n\t\t\t\t<div class=\"themestek-pf-box-title\">\r\n\t\t\t\t\t<h3><a href=\"https:\/\/plasticwashingmachine.net\/es\/cartera\/linea-de-reciclaje-de-lavado-de-bolsas-tejidas-de-500kg-pp-pe\/\">L\u00ednea de lavado y reciclaje de bolsas tejidas PP\/PE de 500 kg\/h<\/a><\/h3>\r\n\t\t\t\t\t<div class=\"themestek-box-category\"><a href=\"https:\/\/plasticwashingmachine.net\/es\/categoria-de-cartera\/caso-del-proyecto\/\" rel=\"tag\">Caso de proyecto<\/a><\/div>\r\n\t\t\t\t<\/div>\t\r\n\t\t\t\t<div class=\"themestek-icon-box themestek-media-link\">\r\n\t\t\t\t\t<a class=\"ts_prettyphoto\" title=\"L\u00ednea de lavado y reciclaje de bolsas tejidas PP\/PE de 500 kg\/h\" href=\"https:\/\/plasticwashingmachine.net\/wp-content\/uploads\/2021\/09\/500kg-h_PP-PE_Woven_Bags_washing_recycling_line.jpg\"><i class=\"demo-icon ts-industco-icon-resize-full\"><\/i><\/a>\t\t\t\t<\/div>\r\n            <\/div>\r\n\t\t<\/div>\r\n\t<\/div>\r\n<\/article><\/div><div class=\"ts-box-col-wrapper col-lg-4 col-sm-6 col-md-4 col-xs-12 ts-term-18\"><article class=\"themestek-box themestek-box-portfolio ts-portfoliobox-style-2 themestek-box-view-overlay ts-hover-style-3\">\r\n\t<div class=\"themestek-post-item\">\r\n\t\t\r\n\t\t<span class=\"themestek-item-thumbnail\">\r\n\t\t\t<span class=\"themestek-item-thumbnail-inner\">\r\n\t\t\t\t<img loading=\"lazy\" decoding=\"async\" width=\"800\" height=\"600\" src=\"https:\/\/plasticwashingmachine.net\/wp-content\/uploads\/2018\/01\/DM_20230410135417_001_cleanup.jpg\" class=\"attachment-themestek-img-800x715 size-themestek-img-800x715 wp-post-image\" alt=\"L\u00ednea de lavado de botellas PET a Sud\u00e1frica\" srcset=\"https:\/\/plasticwashingmachine.net\/wp-content\/uploads\/2018\/01\/DM_20230410135417_001_cleanup.jpg 800w, https:\/\/plasticwashingmachine.net\/wp-content\/uploads\/2018\/01\/DM_20230410135417_001_cleanup-300x225.jpg 300w, https:\/\/plasticwashingmachine.net\/wp-content\/uploads\/2018\/01\/DM_20230410135417_001_cleanup-768x576.jpg 768w\" sizes=\"auto, (max-width: 800px) 100vw, 800px\" data-id=\"7352\" \/>\r\n\t\t\t<\/span>\r\n\t\t<\/span>\t\t<div class=\"themestek-box-content themestek-overlay\">\r\n\t\t\t<div class=\"themestek-box-content-inner\">\t\t\t  \r\n\t\t\t\t<div class=\"themestek-pf-box-title\">\r\n\t\t\t\t\t<h3><a href=\"https:\/\/plasticwashingmachine.net\/es\/cartera\/linea-de-lavado-de-botellas-de-pet-a-sudafrica\/\">L\u00ednea de lavado de botellas PET a Sud\u00e1frica<\/a><\/h3>\r\n\t\t\t\t\t<div class=\"themestek-box-category\"><a href=\"https:\/\/plasticwashingmachine.net\/es\/categoria-de-cartera\/caso-del-proyecto\/\" rel=\"tag\">Caso de proyecto<\/a><\/div>\r\n\t\t\t\t<\/div>\t\r\n\t\t\t\t<div class=\"themestek-icon-box themestek-media-link\">\r\n\t\t\t\t\t<a class=\"ts_prettyphoto\" title=\"L\u00ednea de lavado de botellas PET a Sud\u00e1frica\" href=\"https:\/\/plasticwashingmachine.net\/wp-content\/uploads\/2018\/01\/DM_20230410135417_001_cleanup.jpg\"><i class=\"demo-icon ts-industco-icon-resize-full\"><\/i><\/a>\t\t\t\t<\/div>\r\n            <\/div>\r\n\t\t<\/div>\r\n\t<\/div>\r\n<\/article><\/div><div class=\"ts-box-col-wrapper col-lg-4 col-sm-6 col-md-4 col-xs-12 ts-term-18\"><article class=\"themestek-box themestek-box-portfolio ts-portfoliobox-style-2 themestek-box-view-overlay ts-hover-style-3\">\r\n\t<div class=\"themestek-post-item\">\r\n\t\t\r\n\t\t<span class=\"themestek-item-thumbnail\">\r\n\t\t\t<span class=\"themestek-item-thumbnail-inner\">\r\n\t\t\t\t<img loading=\"lazy\" decoding=\"async\" width=\"800\" height=\"534\" src=\"https:\/\/plasticwashingmachine.net\/wp-content\/uploads\/2018\/02\/500kg-Plastic-Chemical-Buckets-Washing-And-Recycling-Line1.jpg\" class=\"attachment-themestek-img-800x715 size-themestek-img-800x715 wp-post-image\" alt=\"L\u00ednea de lavado y reciclaje de cubos de pl\u00e1stico de 500 kg para productos qu\u00edmicos\" srcset=\"https:\/\/plasticwashingmachine.net\/wp-content\/uploads\/2018\/02\/500kg-Plastic-Chemical-Buckets-Washing-And-Recycling-Line1.jpg 800w, https:\/\/plasticwashingmachine.net\/wp-content\/uploads\/2018\/02\/500kg-Plastic-Chemical-Buckets-Washing-And-Recycling-Line1-300x200.jpg 300w, https:\/\/plasticwashingmachine.net\/wp-content\/uploads\/2018\/02\/500kg-Plastic-Chemical-Buckets-Washing-And-Recycling-Line1-768x513.jpg 768w\" sizes=\"auto, (max-width: 800px) 100vw, 800px\" data-id=\"7343\" \/>\r\n\t\t\t<\/span>\r\n\t\t<\/span>\t\t<div class=\"themestek-box-content themestek-overlay\">\r\n\t\t\t<div class=\"themestek-box-content-inner\">\t\t\t  \r\n\t\t\t\t<div class=\"themestek-pf-box-title\">\r\n\t\t\t\t\t<h3><a href=\"https:\/\/plasticwashingmachine.net\/es\/cartera\/linea-de-lavado-y-reciclaje-de-cubos-quimicos-de-plastico-de-500-kg\/\">L\u00ednea de lavado y reciclaje de cubos de pl\u00e1stico de 500 kg para productos qu\u00edmicos<\/a><\/h3>\r\n\t\t\t\t\t<div class=\"themestek-box-category\"><a href=\"https:\/\/plasticwashingmachine.net\/es\/categoria-de-cartera\/caso-del-proyecto\/\" rel=\"tag\">Caso de proyecto<\/a><\/div>\r\n\t\t\t\t<\/div>\t\r\n\t\t\t\t<div class=\"themestek-icon-box themestek-media-link\">\r\n\t\t\t\t\t<a class=\"ts_prettyphoto\" title=\"L\u00ednea de lavado y reciclaje de cubos de pl\u00e1stico de 500 kg para productos qu\u00edmicos\" href=\"https:\/\/plasticwashingmachine.net\/wp-content\/uploads\/2018\/02\/500kg-Plastic-Chemical-Buckets-Washing-And-Recycling-Line1.jpg\"><i class=\"demo-icon ts-industco-icon-resize-full\"><\/i><\/a>\t\t\t\t<\/div>\r\n            <\/div>\r\n\t\t<\/div>\r\n\t<\/div>\r\n<\/article><\/div><div class=\"ts-box-col-wrapper col-lg-4 col-sm-6 col-md-4 col-xs-12 ts-term-18\"><article class=\"themestek-box themestek-box-portfolio ts-portfoliobox-style-2 themestek-box-view-overlay ts-hover-style-3\">\r\n\t<div class=\"themestek-post-item\">\r\n\t\t\r\n\t\t<span class=\"themestek-item-thumbnail\">\r\n\t\t\t<span class=\"themestek-item-thumbnail-inner\">\r\n\t\t\t\t<img loading=\"lazy\" decoding=\"async\" width=\"800\" height=\"600\" src=\"https:\/\/plasticwashingmachine.net\/wp-content\/uploads\/2021\/06\/500kg-Plastic-Chemical-Buckets-Washing-And-Recycling-Line4.jpg\" class=\"attachment-themestek-img-800x715 size-themestek-img-800x715 wp-post-image\" alt=\"L\u00ednea de lavado y reciclaje de cubos de pl\u00e1stico para productos qu\u00edmicos\" srcset=\"https:\/\/plasticwashingmachine.net\/wp-content\/uploads\/2021\/06\/500kg-Plastic-Chemical-Buckets-Washing-And-Recycling-Line4.jpg 800w, https:\/\/plasticwashingmachine.net\/wp-content\/uploads\/2021\/06\/500kg-Plastic-Chemical-Buckets-Washing-And-Recycling-Line4-300x225.jpg 300w, https:\/\/plasticwashingmachine.net\/wp-content\/uploads\/2021\/06\/500kg-Plastic-Chemical-Buckets-Washing-And-Recycling-Line4-768x576.jpg 768w\" sizes=\"auto, (max-width: 800px) 100vw, 800px\" data-id=\"7346\" \/>\r\n\t\t\t<\/span>\r\n\t\t<\/span>\t\t<div class=\"themestek-box-content themestek-overlay\">\r\n\t\t\t<div class=\"themestek-box-content-inner\">\t\t\t  \r\n\t\t\t\t<div class=\"themestek-pf-box-title\">\r\n\t\t\t\t\t<h3><a href=\"https:\/\/plasticwashingmachine.net\/es\/cartera\/linea-2-de-lavado-y-reciclaje-de-cubos-quimicos-de-plastico-de-500-kg\/\">L\u00ednea de lavado y reciclaje de cubos de pl\u00e1stico para productos qu\u00edmicos de 500 kg\/h<\/a><\/h3>\r\n\t\t\t\t\t<div class=\"themestek-box-category\"><a href=\"https:\/\/plasticwashingmachine.net\/es\/categoria-de-cartera\/caso-del-proyecto\/\" rel=\"tag\">Caso de proyecto<\/a><\/div>\r\n\t\t\t\t<\/div>\t\r\n\t\t\t\t<div class=\"themestek-icon-box themestek-media-link\">\r\n\t\t\t\t\t<a class=\"ts_prettyphoto\" title=\"L\u00ednea de lavado y reciclaje de cubos de pl\u00e1stico para productos qu\u00edmicos de 500 kg\/h\" href=\"https:\/\/plasticwashingmachine.net\/wp-content\/uploads\/2021\/06\/500kg-Plastic-Chemical-Buckets-Washing-And-Recycling-Line4.jpg\"><i class=\"demo-icon ts-industco-icon-resize-full\"><\/i><\/a>\t\t\t\t<\/div>\r\n            <\/div>\r\n\t\t<\/div>\r\n\t<\/div>\r\n<\/article><\/div><div class=\"ts-box-col-wrapper col-lg-4 col-sm-6 col-md-4 col-xs-12 ts-term-18\"><article class=\"themestek-box themestek-box-portfolio ts-portfoliobox-style-2 themestek-box-view-overlay ts-hover-style-3\">\r\n\t<div class=\"themestek-post-item\">\r\n\t\t\r\n\t\t<span class=\"themestek-item-thumbnail\">\r\n\t\t\t<span class=\"themestek-item-thumbnail-inner\">\r\n\t\t\t\t<img loading=\"lazy\" decoding=\"async\" width=\"800\" height=\"600\" src=\"https:\/\/plasticwashingmachine.net\/wp-content\/uploads\/2018\/02\/DM_20230410110446_001_cleanup.jpg\" class=\"attachment-themestek-img-800x715 size-themestek-img-800x715 wp-post-image\" alt=\"L\u00ednea de reciclaje y lavado de film PE 500kg\/h\" srcset=\"https:\/\/plasticwashingmachine.net\/wp-content\/uploads\/2018\/02\/DM_20230410110446_001_cleanup.jpg 800w, https:\/\/plasticwashingmachine.net\/wp-content\/uploads\/2018\/02\/DM_20230410110446_001_cleanup-300x225.jpg 300w, https:\/\/plasticwashingmachine.net\/wp-content\/uploads\/2018\/02\/DM_20230410110446_001_cleanup-768x576.jpg 768w\" sizes=\"auto, (max-width: 800px) 100vw, 800px\" data-id=\"7348\" \/>\r\n\t\t\t<\/span>\r\n\t\t<\/span>\t\t<div class=\"themestek-box-content themestek-overlay\">\r\n\t\t\t<div class=\"themestek-box-content-inner\">\t\t\t  \r\n\t\t\t\t<div class=\"themestek-pf-box-title\">\r\n\t\t\t\t\t<h3><a href=\"https:\/\/plasticwashingmachine.net\/es\/cartera\/linea-de-reciclaje-de-lavado-de-pelicula-de-pe-de-500-kg\/\">L\u00ednea de reciclaje y lavado de film PE 500kg\/h<\/a><\/h3>\r\n\t\t\t\t\t<div class=\"themestek-box-category\"><a href=\"https:\/\/plasticwashingmachine.net\/es\/categoria-de-cartera\/caso-del-proyecto\/\" rel=\"tag\">Caso de proyecto<\/a><\/div>\r\n\t\t\t\t<\/div>\t\r\n\t\t\t\t<div class=\"themestek-icon-box themestek-media-link\">\r\n\t\t\t\t\t<a class=\"ts_prettyphoto\" title=\"L\u00ednea de reciclaje y lavado de film PE 500kg\/h\" href=\"https:\/\/plasticwashingmachine.net\/wp-content\/uploads\/2018\/02\/DM_20230410110446_001_cleanup.jpg\"><i class=\"demo-icon ts-industco-icon-resize-full\"><\/i><\/a>\t\t\t\t<\/div>\r\n            <\/div>\r\n\t\t<\/div>\r\n\t<\/div>\r\n<\/article><\/div><div class=\"ts-box-col-wrapper col-lg-4 col-sm-6 col-md-4 col-xs-12 ts-term-23\"><article class=\"themestek-box themestek-box-portfolio ts-portfoliobox-style-2 themestek-box-view-overlay ts-hover-style-3\">\r\n\t<div class=\"themestek-post-item\">\r\n\t\t\r\n\t\t<span class=\"themestek-item-thumbnail\">\r\n\t\t\t<span class=\"themestek-item-thumbnail-inner\">\r\n\t\t\t\t<img loading=\"lazy\" decoding=\"async\" width=\"800\" height=\"715\" src=\"https:\/\/plasticwashingmachine.net\/wp-content\/uploads\/2018\/04\/IMG_7835-1-800x715.jpg\" class=\"attachment-themestek-img-800x715 size-themestek-img-800x715 wp-post-image\" alt=\"\" data-id=\"7332\" \/>\r\n\t\t\t<\/span>\r\n\t\t<\/span>\t\t<div class=\"themestek-box-content themestek-overlay\">\r\n\t\t\t<div class=\"themestek-box-content-inner\">\t\t\t  \r\n\t\t\t\t<div class=\"themestek-pf-box-title\">\r\n\t\t\t\t\t<h3><a href=\"https:\/\/plasticwashingmachine.net\/es\/cartera\/trituradora-de-plastico-ee-uu\/\">Trituradora de pl\u00e1stico USA<\/a><\/h3>\r\n\t\t\t\t\t<div class=\"themestek-box-category\"><a href=\"https:\/\/plasticwashingmachine.net\/es\/categoria-de-cartera\/mostrar-fotos\/\" rel=\"tag\">Mostrar im\u00e1genes<\/a><\/div>\r\n\t\t\t\t<\/div>\t\r\n\t\t\t\t<div class=\"themestek-icon-box themestek-media-link\">\r\n\t\t\t\t\t<a class=\"ts_prettyphoto\" title=\"Trituradora de pl\u00e1stico USA\" href=\"https:\/\/plasticwashingmachine.net\/wp-content\/uploads\/2018\/04\/IMG_7835-1.jpg\"><i class=\"demo-icon ts-industco-icon-resize-full\"><\/i><\/a>\t\t\t\t<\/div>\r\n            <\/div>\r\n\t\t<\/div>\r\n\t<\/div>\r\n<\/article><\/div><div class=\"ts-box-col-wrapper col-lg-4 col-sm-6 col-md-4 col-xs-12 ts-term-23\"><article class=\"themestek-box themestek-box-portfolio ts-portfoliobox-style-2 themestek-box-view-overlay ts-hover-style-3\">\r\n\t<div class=\"themestek-post-item\">\r\n\t\t\r\n\t\t<span class=\"themestek-item-thumbnail\">\r\n\t\t\t<span class=\"themestek-item-thumbnail-inner\">\r\n\t\t\t\t<img loading=\"lazy\" decoding=\"async\" width=\"800\" height=\"715\" src=\"https:\/\/plasticwashingmachine.net\/wp-content\/uploads\/2023\/03\/PET_Bottle_Washing_Line-800x715.jpg\" class=\"attachment-themestek-img-800x715 size-themestek-img-800x715 wp-post-image\" alt=\"L\u00ednea de lavado de botellas de PET,m\u00e1quina de reciclaje de pl\u00e1stico,m\u00e1quina rumtoo\" data-id=\"7324\" \/>\r\n\t\t\t<\/span>\r\n\t\t<\/span>\t\t<div class=\"themestek-box-content themestek-overlay\">\r\n\t\t\t<div class=\"themestek-box-content-inner\">\t\t\t  \r\n\t\t\t\t<div class=\"themestek-pf-box-title\">\r\n\t\t\t\t\t<h3><a href=\"https:\/\/plasticwashingmachine.net\/es\/cartera\/linea-de-lavado-de-botellas-para-mascotas-ee-uu\/\">L\u00ednea de lavado de botellas PET EE.UU.<\/a><\/h3>\r\n\t\t\t\t\t<div class=\"themestek-box-category\"><a href=\"https:\/\/plasticwashingmachine.net\/es\/categoria-de-cartera\/mostrar-fotos\/\" rel=\"tag\">Mostrar im\u00e1genes<\/a><\/div>\r\n\t\t\t\t<\/div>\t\r\n\t\t\t\t<div class=\"themestek-icon-box themestek-media-link\">\r\n\t\t\t\t\t<a class=\"ts_prettyphoto\" title=\"L\u00ednea de lavado de botellas PET EE.UU.\" href=\"https:\/\/plasticwashingmachine.net\/wp-content\/uploads\/2023\/03\/PET_Bottle_Washing_Line.jpg\"><i class=\"demo-icon ts-industco-icon-resize-full\"><\/i><\/a>\t\t\t\t<\/div>\r\n            <\/div>\r\n\t\t<\/div>\r\n\t<\/div>\r\n<\/article><\/div>\r\n\t\t\t<\/div>\r\n\t\t<\/div><!-- .themestek-boxes-inner -->   <\/div><!-- .themestek-boxes -->  \t\t<\/div>\r\n\t<\/div>\r\n<\/div>\r\n\r\n\r\n\t<\/div>\r\n\r\n\r\n\n<\/div>","protected":false},"excerpt":{"rendered":"PET Bottle Washing Line USA Learn More","protected":false},"author":1,"featured_media":0,"parent":0,"menu_order":19,"comment_status":"closed","ping_status":"closed","template":"","meta":{"footnotes":""},"class_list":["post-4080","page","type-page","status-publish","hentry"],"_links":{"self":[{"href":"https:\/\/plasticwashingmachine.net\/es\/wp-json\/wp\/v2\/pages\/4080","targetHints":{"allow":["GET"]}}],"collection":[{"href":"https:\/\/plasticwashingmachine.net\/es\/wp-json\/wp\/v2\/pages"}],"about":[{"href":"https:\/\/plasticwashingmachine.net\/es\/wp-json\/wp\/v2\/types\/page"}],"author":[{"embeddable":true,"href":"https:\/\/plasticwashingmachine.net\/es\/wp-json\/wp\/v2\/users\/1"}],"replies":[{"embeddable":true,"href":"https:\/\/plasticwashingmachine.net\/es\/wp-json\/wp\/v2\/comments?post=4080"}],"version-history":[{"count":0,"href":"https:\/\/plasticwashingmachine.net\/es\/wp-json\/wp\/v2\/pages\/4080\/revisions"}],"wp:attachment":[{"href":"https:\/\/plasticwashingmachine.net\/es\/wp-json\/wp\/v2\/media?parent=4080"}],"curies":[{"name":"wp","href":"https:\/\/api.w.org\/{rel}","templated":true}]}}