{"id":3935,"date":"2018-04-24T07:06:59","date_gmt":"2018-04-24T07:06:59","guid":{"rendered":"http:\/\/industco-demo.pbminfotech.com\/?page_id=3935"},"modified":"2025-05-25T20:38:53","modified_gmt":"2025-05-26T03:38:53","slug":"contactenos","status":"publish","type":"page","link":"https:\/\/plasticwashingmachine.net\/es\/contactenos\/","title":{"rendered":"Contacte con nosotros"},"content":{"rendered":"<div class=\"wpb-content-wrapper\"><div data-vc-full-width=\"true\" data-vc-full-width-init=\"false\" class=\"vc_row ts-row wpb_row vc_row-fluid ts-total-col-2 ts-zindex-0 ts-bgimage-position-center_center\">\r\n\r\n        \r\n\t\r\n\t <div class=\"vc_row container\"> \r\n\t\t\r\n<div class=\"ts-column wpb_column vc_column_container vc_col-sm-3 ts-zindex-0\">\r\n\t<div class=\"vc_column-inner  \">\r\n\t\t\t\t<div class=\"wpb_wrapper\">\r\n\t\t\t<h3 style=\"text-align:left;\" class=\"ts-custom-heading \" >GET IN TOUCH<\/h3>\n\n\t<div class=\"wpb_text_column wpb_content_element\" >\n\t\t<div class=\"wpb_wrapper\">\n\t\t\t<p>Professional Plastic machine manufacturer in China. including Injection molding machine, Blow molding machine, Pipe Shredder, PET Bottle Washing Line, Film Squeezer, Plastic Crusher, PP\/PE Plastic Film Pelletizing Line, PP\/PE Plastic Film Washing Line, Single-shaft Shredder, PVC\/Waste\/Wood Shredder, Shredder Blades, etc.<\/p>\n\n\t\t<\/div>\n\t<\/div>\n\t\t<\/div>\r\n\t<\/div>\r\n<\/div>\r\n\r\n\r\n<div class=\"ts-column wpb_column vc_column_container vc_col-sm-9 ts-zindex-0\">\r\n\t<div class=\"vc_column-inner  \">\r\n\t\t\t\t<div class=\"wpb_wrapper\">\r\n\t\t\t\r\n<div class=\"ts-row-inner vc_row wpb_row vc_inner vc_row-fluid ts-zindex-0\">\r\n\t\r\n<div class=\"ts-column-inner wpb_column vc_column_container vc_col-sm-4 ts-zindex-0\">\r\n\t<div class=\"vc_column-inner  \">\r\n\t\t \r\n\t\t<div class=\"wpb_wrapper\">\r\n\t\t\t\r\n<div class=\"ts-ihbox ts-ihbox-style-6 ts-ihbox-itype-icon \">\r\n\t<div class=\"ts-sbox-bgimage-layer ts-bgimage-layer\"><\/div>\r\n\t<div class=\"ts-ihbox-wrapper-bg-layer ts-bg-layer\"><\/div>\r\n\r\n\t<div class=\"ts-ihbox-inner\">\r\n\t\t<div class=\"ts-ihbox-icon ts-large-icon ts-icon-skincolor\">\r\n\t\t\t<div class=\"ts-ihbox-icon-wrapper\"><i class=\"themifyicon ti-location-pin\"><\/i><\/div>\t\t<\/div>\r\n\r\n\t\t<div class=\"ts-ihbox-contents\">\r\n\t\t\t<div class=\"ts-vc_general ts-vc_cta3 ts-cta3-only ts-vc_cta3-style-classic ts-vc_cta3-shape-rounded ts-vc_cta3-align-left ts-vc_cta3-color-transparent ts-vc_cta3-icon-size-md ts-vc_cta3-actions-no ts-cta3-with-desc\"><div class=\"ts-vc_cta3_content-container\"><div class=\"ts-vc_cta3-content\"><div class=\"ts-vc_cta3-content-header ts-wrap\"><div class=\"ts-vc_cta3-headers ts-wrap-cell\"><h2 class=\"ts-custom-heading \">Our Address<\/h2>\n<\/div><\/div><div class=\"ts-cta3-content-wrapper\"> <\/div><\/div><\/div><\/div>\t\t\t<div class=\"ts-cta3-content-wrapper\">Jiangsu Province, China<\/div>\t\t\t\t\t<\/div><!-- .ts-ihbox-contents -->\r\n\t<\/div>\r\n<\/div>\r\n\r\n\t\t<\/div>\r\n\t<\/div>\r\n<\/div>\r\n\r\n\r\n<div class=\"ts-column-inner wpb_column vc_column_container vc_col-sm-4 ts-zindex-0\">\r\n\t<div class=\"vc_column-inner  \">\r\n\t\t \r\n\t\t<div class=\"wpb_wrapper\">\r\n\t\t\t\r\n<div class=\"ts-ihbox ts-ihbox-style-6 ts-ihbox-itype-icon \">\r\n\t<div class=\"ts-sbox-bgimage-layer ts-bgimage-layer\"><\/div>\r\n\t<div class=\"ts-ihbox-wrapper-bg-layer ts-bg-layer\"><\/div>\r\n\r\n\t<div class=\"ts-ihbox-inner\">\r\n\t\t<div class=\"ts-ihbox-icon ts-large-icon ts-icon-skincolor\">\r\n\t\t\t<div class=\"ts-ihbox-icon-wrapper\"><i class=\"themifyicon ti-headphone\"><\/i><\/div>\t\t<\/div>\r\n\r\n\t\t<div class=\"ts-ihbox-contents\">\r\n\t\t\t<div class=\"ts-vc_general ts-vc_cta3 ts-cta3-only ts-vc_cta3-style-classic ts-vc_cta3-shape-rounded ts-vc_cta3-align-left ts-vc_cta3-color-transparent ts-vc_cta3-icon-size-md ts-vc_cta3-actions-no ts-cta3-with-desc\"><div class=\"ts-vc_cta3_content-container\"><div class=\"ts-vc_cta3-content\"><div class=\"ts-vc_cta3-content-header ts-wrap\"><div class=\"ts-vc_cta3-headers ts-wrap-cell\"><h2 class=\"ts-custom-heading \"><a href=\"https:\/\/wa.me\/13322501915\" target=\"_blank\" rel=\"noopener\">Phone Number\uff08WhatsApp\uff09<\/a><\/h2>\n<\/div><\/div><div class=\"ts-cta3-content-wrapper\"> <\/div><\/div><\/div><\/div>\t\t\t<div class=\"ts-cta3-content-wrapper\">+1 3322501915<\/div>\t\t\t\t\t<\/div><!-- .ts-ihbox-contents -->\r\n\t<\/div>\r\n<\/div>\r\n\r\n\t\t<\/div>\r\n\t<\/div>\r\n<\/div>\r\n\r\n\r\n<div class=\"ts-column-inner wpb_column vc_column_container vc_col-sm-4 ts-zindex-0\">\r\n\t<div class=\"vc_column-inner  \">\r\n\t\t \r\n\t\t<div class=\"wpb_wrapper\">\r\n\t\t\t\r\n<div class=\"ts-ihbox ts-ihbox-style-6 ts-ihbox-itype-icon \">\r\n\t<div class=\"ts-sbox-bgimage-layer ts-bgimage-layer\"><\/div>\r\n\t<div class=\"ts-ihbox-wrapper-bg-layer ts-bg-layer\"><\/div>\r\n\r\n\t<div class=\"ts-ihbox-inner\">\r\n\t\t<div class=\"ts-ihbox-icon ts-large-icon ts-icon-skincolor\">\r\n\t\t\t<div class=\"ts-ihbox-icon-wrapper\"><i class=\"themifyicon ti-email\"><\/i><\/div>\t\t<\/div>\r\n\r\n\t\t<div class=\"ts-ihbox-contents\">\r\n\t\t\t<div class=\"ts-vc_general ts-vc_cta3 ts-cta3-only ts-vc_cta3-style-classic ts-vc_cta3-shape-rounded ts-vc_cta3-align-left ts-vc_cta3-color-transparent ts-vc_cta3-icon-size-md ts-vc_cta3-actions-no ts-cta3-with-desc\"><div class=\"ts-vc_cta3_content-container\"><div class=\"ts-vc_cta3-content\"><div class=\"ts-vc_cta3-content-header ts-wrap\"><div class=\"ts-vc_cta3-headers ts-wrap-cell\"><h2 class=\"ts-custom-heading \"><a href=\"mailto:sales@plasticwashingmachine.net\">Email Address<\/a><\/h2>\n<\/div><\/div><div class=\"ts-cta3-content-wrapper\"> <\/div><\/div><\/div><\/div>\t\t\t<div class=\"ts-cta3-content-wrapper\">info@plasticwashingmachine.net<br \/>\nsales@plasticwashingmachine.net<\/div>\t\t\t\t\t<\/div><!-- .ts-ihbox-contents -->\r\n\t<\/div>\r\n<\/div>\r\n\r\n\t\t<\/div>\r\n\t<\/div>\r\n<\/div>\r\n\r\n<\/div>\r\n\r\n\t\t<\/div>\r\n\t<\/div>\r\n<\/div>\r\n\r\n\r\n\t <\/div> <\/div>\r\n\r\n<div class=\"vc_row-full-width vc_clearfix\"><\/div>\r\n\r\n<div data-vc-full-width=\"true\" data-vc-full-width-init=\"false\" class=\"vc_row ts-row wpb_row vc_row-fluid vc_custom_1532001377101 ts-total-col-2 ts-zindex-0 ts-bgimage-position-center_center\">\r\n\r\n        \r\n\t\r\n\t <div class=\"vc_row container\"> \r\n\t\t\r\n<div class=\"ts-column wpb_column vc_column_container vc_col-sm-6 ts-zindex-0\">\r\n\t<div class=\"vc_column-inner  \">\r\n\t\t\t\t<div class=\"wpb_wrapper\">\r\n\t\t\t<h3 style=\"text-align:left;\" class=\"ts-custom-heading \" >DROP US A LINE<\/h3>\n\n\t<div class=\"wpb_text_column wpb_content_element\" >\n\t\t<div class=\"wpb_wrapper\">\n\t\t\t<p><strong>Get a quote<\/strong><\/p>\n\n\t\t<\/div>\n\t<\/div>\n\n\t<div class=\"wpb_raw_code wpb_raw_html wpb_content_element\" >\n\t\t<div class=\"wpb_wrapper\">\n\t\t\t<div class='fluentform ff-default fluentform_wrapper_1 ffs_default_wrap'><form data-form_id=\"1\" id=\"fluentform_1\" class=\"frm-fluent-form fluent_form_1 ff-el-form-top ff_form_instance_1_1 ff-form-loading ff_has_v3_recptcha ffs_default\" data-form_instance=\"ff_form_instance_1_1\" method=\"POST\" data-recptcha_key=\"6LdCoa0qAAAAAKxWIMcbIHIsEMrRDhjIx7YZ9AFY\" ><fieldset  style=\"border: none!important;margin: 0!important;padding: 0!important;background-color: transparent!important;box-shadow: none!important;outline: none!important; min-inline-size: 100%;\">\n                    <legend class=\"ff_screen_reader_title\" style=\"display: block; margin: 0!important;padding: 0!important;height: 0!important;text-indent: -999999px;width: 0!important;overflow:hidden;\">Contact Form<\/legend><input type='hidden' name='__fluent_form_embded_post_id' value='3935' \/><input type=\"hidden\" id=\"_fluentform_1_fluentformnonce\" name=\"_fluentform_1_fluentformnonce\" value=\"7d05c80b3d\" \/><input type=\"hidden\" name=\"_wp_http_referer\" value=\"\/es\/wp-json\/wp\/v2\/pages\/3935\" \/><div data-type=\"name-element\" data-name=\"names\" class=\" ff-field_container ff-name-field-wrapper\" ><div class='ff-t-container'><div class='ff-t-cell '><div class='ff-el-group'><div class=\"ff-el-input--label asterisk-right\"><label for='ff_1_names_first_name_' id='label_ff_1_names_first_name_' >First Name<\/label><\/div><div class='ff-el-input--content'><input type=\"text\" name=\"names[first_name]\" id=\"ff_1_names_first_name_\" class=\"ff-el-form-control\" placeholder=\"First Name\" aria-invalid=\"false\" aria-required=false><\/div><\/div><\/div><div class='ff-t-cell '><div class='ff-el-group'><div class=\"ff-el-input--label asterisk-right\"><label for='ff_1_names_last_name_' id='label_ff_1_names_last_name_' >Last Name<\/label><\/div><div class='ff-el-input--content'><input type=\"text\" name=\"names[last_name]\" id=\"ff_1_names_last_name_\" class=\"ff-el-form-control\" placeholder=\"Last Name\" aria-invalid=\"false\" aria-required=false><\/div><\/div><\/div><\/div><\/div><div class='ff-el-group'><div class=\"ff-el-input--label ff-el-is-required asterisk-right\"><label for='ff_1_email' id='label_ff_1_email' aria-label=\"Email\">Email<\/label><\/div><div class='ff-el-input--content'><input type=\"email\" name=\"email\" id=\"ff_1_email\" class=\"ff-el-form-control\" placeholder=\"Email Address\" data-name=\"email\"  aria-invalid=\"false\" aria-required=true><\/div><\/div><div class='ff-el-group'><div class=\"ff-el-input--label asterisk-right\"><label for='ff_1_subject' id='label_ff_1_subject' aria-label=\"Subject\">Subject<\/label><\/div><div class='ff-el-input--content'><input type=\"text\" name=\"subject\" class=\"ff-el-form-control\" placeholder=\"Subject\" data-name=\"subject\" id=\"ff_1_subject\"  aria-invalid=\"false\" aria-required=false><\/div><\/div><div class='ff-el-group'><div class=\"ff-el-input--label ff-el-is-required asterisk-right\"><label for='ff_1_message' id='label_ff_1_message' aria-label=\"Your Message\">Your Message<\/label><\/div><div class='ff-el-input--content'><textarea aria-required=\"true\" aria-labelledby=\"label_ff_1_message\" name=\"message\" id=\"ff_1_message\" class=\"ff-el-form-control\" placeholder=\"Your Message\" rows=\"4\" cols=\"2\" data-name=\"message\" ><\/textarea><\/div><\/div><div class='ff-el-group ff-text-left ff_submit_btn_wrapper'><button type=\"submit\" class=\"ff-btn ff-btn-submit ff-btn-md ff_btn_style wpf_has_custom_css\"  aria-label=\"Submit Form\">Submit Form<\/button><\/div><\/fieldset><\/form><div id='fluentform_1_errors' class='ff-errors-in-stack ff_form_instance_1_1 ff-form-loading_errors ff_form_instance_1_1_errors'><\/div><\/div>            <script type=\"text\/javascript\">\n                window.fluent_form_ff_form_instance_1_1 = {\"id\":\"1\",\"settings\":{\"layout\":{\"labelPlacement\":\"top\",\"helpMessagePlacement\":\"with_label\",\"errorMessagePlacement\":\"inline\",\"cssClassName\":\"\",\"asteriskPlacement\":\"asterisk-right\"},\"restrictions\":{\"denyEmptySubmission\":{\"enabled\":false}}},\"form_instance\":\"ff_form_instance_1_1\",\"form_id_selector\":\"fluentform_1\",\"rules\":{\"names[first_name]\":{\"required\":{\"value\":false,\"message\":\"This field is required\",\"global\":false,\"global_message\":\"This field is required\"}},\"names[middle_name]\":{\"required\":{\"value\":false,\"message\":\"This field is required\",\"global\":false,\"global_message\":\"This field is required\"}},\"names[last_name]\":{\"required\":{\"value\":false,\"message\":\"This field is required\",\"global\":false,\"global_message\":\"This field is required\"}},\"email\":{\"required\":{\"value\":true,\"message\":\"This field is required\",\"global\":false,\"global_message\":\"This field is required\"},\"email\":{\"value\":true,\"message\":\"This field must contain a valid email\",\"global\":false,\"global_message\":\"This field must contain a valid email\"}},\"subject\":{\"required\":{\"value\":false,\"message\":\"This field is required\",\"global\":false,\"global_message\":\"This field is required\"}},\"message\":{\"required\":{\"value\":true,\"message\":\"This field is required\",\"global\":false,\"global_message\":\"This field is required\"}}},\"debounce_time\":300};\n                            <\/script>\n            \n\t\t<\/div>\n\t<\/div>\n\t\t<\/div>\r\n\t<\/div>\r\n<\/div>\r\n\r\n\r\n<div class=\"ts-column wpb_column vc_column_container vc_col-sm-6 ts-zindex-0\">\r\n\t<div class=\"vc_column-inner  \">\r\n\t\t\t\t<div class=\"wpb_wrapper\">\r\n\t\t\t\n\t<div class=\"wpb_text_column wpb_content_element\" >\n\t\t<div class=\"wpb_wrapper\">\n\t\t\t<p><iframe loading=\"lazy\" style=\"border: 0;\" src=\"https:\/\/www.google.com\/maps\/embed?pb=!1m18!1m12!1m3!1d19024.84126046449!2d119.178272!3d32.940495!2m3!1f0!2f0!3f0!3m2!1i1024!2i768!4f13.1!3m3!1m2!1s0x340be78c4d7582a3%3A0x3c9b3f94c44e9502!2sNanjing%2C%20Jiangsu%2C%20China!5e0!3m2!1sen!2sin!4v1648100800344!5m2!1sen!2sin\" width=\"600\" height=\"450\" allowfullscreen=\"allowfullscreen\"><\/iframe><\/p>\n\n\t\t<\/div>\n\t<\/div>\n\t\t<\/div>\r\n\t<\/div>\r\n<\/div>\r\n\r\n\r\n\t <\/div> <\/div>\r\n\r\n<div class=\"vc_row-full-width vc_clearfix\"><\/div>\n<\/div>","protected":false},"excerpt":{"rendered":"P\u00d3NGASE EN CONTACTO Fabricante profesional de m\u00e1quinas pl\u00e1sticas en China. Incluye m\u00e1quina de inyecci\u00f3n, m\u00e1quina de soplado, trituradora de tubos, l\u00ednea de lavado de botellas de PET, exprimidor de pel\u00edculas, trituradora de pl\u00e1stico, l\u00ednea de granulaci\u00f3n de pel\u00edculas de PP\/PE, l\u00ednea de lavado de pel\u00edculas de PP\/PE, trituradora de un eje, trituradora de PVC\/Residuo\/Madera, cuchillas de trituradora, etc. Nuestra direcci\u00f3n Provincia de Jiangsu, China N\u00famero de tel\u00e9fono\uff08WhatsApp\uff09 +1 3322501915 Direcci\u00f3n de correo electr\u00f3nico info@plasticwashingmachine.net \u2026 <a href=\"https:\/\/plasticwashingmachine.net\/es\/contactenos\/\" class=\"more-link\">Seguir leyendo <span class=\"screen-reader-text\">Contacte con nosotros<\/span><\/a>","protected":false},"author":1,"featured_media":0,"parent":0,"menu_order":25,"comment_status":"closed","ping_status":"closed","template":"","meta":{"footnotes":""},"class_list":["post-3935","page","type-page","status-publish","hentry"],"_links":{"self":[{"href":"https:\/\/plasticwashingmachine.net\/es\/wp-json\/wp\/v2\/pages\/3935","targetHints":{"allow":["GET"]}}],"collection":[{"href":"https:\/\/plasticwashingmachine.net\/es\/wp-json\/wp\/v2\/pages"}],"about":[{"href":"https:\/\/plasticwashingmachine.net\/es\/wp-json\/wp\/v2\/types\/page"}],"author":[{"embeddable":true,"href":"https:\/\/plasticwashingmachine.net\/es\/wp-json\/wp\/v2\/users\/1"}],"replies":[{"embeddable":true,"href":"https:\/\/plasticwashingmachine.net\/es\/wp-json\/wp\/v2\/comments?post=3935"}],"version-history":[{"count":0,"href":"https:\/\/plasticwashingmachine.net\/es\/wp-json\/wp\/v2\/pages\/3935\/revisions"}],"wp:attachment":[{"href":"https:\/\/plasticwashingmachine.net\/es\/wp-json\/wp\/v2\/media?parent=3935"}],"curies":[{"name":"wp","href":"https:\/\/api.w.org\/{rel}","templated":true}]}}